{"id":55,"date":"2020-06-01T10:42:35","date_gmt":"2020-06-01T08:42:35","guid":{"rendered":"http:\/\/digicop.designervily.com\/demo1\/?page_id=12740"},"modified":"2024-12-06T17:57:02","modified_gmt":"2024-12-06T16:57:02","slug":"evenement-2","status":"publish","type":"page","link":"https:\/\/universitebazo.ml\/?page_id=55","title":{"rendered":"Nos Ev\u00e8nements"},"content":{"rendered":"\t\t<div data-elementor-type=\"wp-page\" data-elementor-id=\"55\" class=\"elementor elementor-55\">\n\t\t\t\t\t\t\t\t\t<section class=\"elementor-section elementor-top-section elementor-element elementor-element-9d484d9 dsvy-col-stretched-none dsvy-bg-color-over-image elementor-section-boxed elementor-section-height-default elementor-section-height-default\" data-id=\"9d484d9\" data-element_type=\"section\">\n\t\t\t\t\t\t<div class=\"elementor-container elementor-column-gap-default\">\n\t\t\t\t\t<div class=\"elementor-column elementor-col-100 elementor-top-column elementor-element elementor-element-247cb64 dsvy-bg-color-over-image\" data-id=\"247cb64\" data-element_type=\"column\">\n\t\t\t<div class=\"elementor-widget-wrap elementor-element-populated\">\n\t\t\t\t\t\t\t\t<div class=\"elementor-element elementor-element-7b4cbd8 elementor-widget elementor-widget-dsvy_blog_element\" data-id=\"7b4cbd8\" data-element_type=\"widget\" data-widget_type=\"dsvy_blog_element.default\">\n\t\t\t\t<div class=\"elementor-widget-container\">\n\t\t\t\r\n\t\t<div class=\"designervily-element designervily-element-blog dsvy-element-blog-style-2 designervily-element-viewtype-row-column designervily-gap-15px\" data-show=\"3\" data-columns=\"3\" data-loop=\"false\" data-autoplay=\"false\" data-center=\"false\" data-nav=\"false\" data-dots=\"false\" data-autoplayspeed=\"1000\" data-margin=\"15px\"><div class=\"designervily-element-inner\">\r\n\t\t\r\n\t\t\t<div class=\"dsvy-ele-header-area\">\r\n\t\t\t\t\t<div class=\"dsvy-heading-subheading left-align \"><h2 class=\"dsvy-element-title\">\r\n\t\t\t\r\n\t\t\t\tNos Ev\u00e8nements\r\n\t\t\t\r\n\t\t\t<\/h2>\r\n\t\t<h4 class=\"dsvy-element-subtitle\">\r\n\t\t\t\r\n\t\t\t\tTEMPS FORTS\r\n\t\t\t\r\n\t\t\t<\/h4>\r\n\t\t<\/div>\r\n\t\t\t\t\r\n\t\t\t<\/div>\r\n\r\n\t\t\t<div class=\"dsvy-element-posts-wrapper row multi-columns-row\">\r\n\r\n\t\t\t<article class=\"dsvy-ele dsvy-ele-blog dsvy-blog-style-2 col-md-4 non-classe dsvy-odd dsvy-col-odd\"><div class=\"post-item\">\r\n\t<div class=\"dsvy-featured-container\">\t\t\r\n\t\t<div class=\"dsvy-meta-date-wrapper\">\t\t\t\t\t\r\n\t\t\t\t<span class=\"dsvy-day\">25<\/span>\r\n\t\t\t\t<span>Avr<\/span>\r\n\t\t<\/div>\r\n\t\t\t\t\t\r\n\t<\/div>\r\n\t<div class=\"designervily-box-content\">\t\r\n\r\n\t<div class=\"dsvy-meta-container\">\r\n\t\t\t<div class=\"dsvy-meta-author-wrapper dsvy-meta-line\">\t\t\t\t\t\r\n\t\t\t\t<a href=\"https:\/\/universitebazo.ml\/?author=4\" title=\"Posted by yaya SANOGO\" rel=\"author\"><i class=\"dsvy-base-icon-user\"><\/i> by yaya SANOGO<\/a>\r\n\t\t\t<\/div>\r\n\t\t\t<div class=\"dsvy-meta-cat-wrapper dsvy-meta-line\">\t\t\t\t\t\r\n\t\t\t\t<div class=\"dsvy-meta-category\"><i class=\"dsvy-base-icon-folder-open\"><\/i> <a href=\"https:\/\/universitebazo.ml\/?cat=1\" rel=\"category\">Non class\u00e9<\/a><\/div>\t\r\n\t\t\t<\/div> \r\n\t\t<\/div>\r\n\t\t<h3 class=\"dsvy-post-title\"><a href=\"https:\/\/universitebazo.ml\/?p=1684\">Revue scientifique IOSR-JESTFT<\/a><\/h3> \r\n\t<\/div>\r\n<\/div><\/article><article class=\"dsvy-ele dsvy-ele-blog dsvy-blog-style-2 col-md-4 non-classe dsvy-even dsvy-col-odd\"><div class=\"post-item\">\r\n\t<div class=\"dsvy-featured-container\">\t\t\r\n\t\t<div class=\"dsvy-meta-date-wrapper\">\t\t\t\t\t\r\n\t\t\t\t<span class=\"dsvy-day\">15<\/span>\r\n\t\t\t\t<span>Juil<\/span>\r\n\t\t<\/div>\r\n\t\t\t\t\t\r\n\t<\/div>\r\n\t<div class=\"designervily-box-content\">\t\r\n\r\n\t<div class=\"dsvy-meta-container\">\r\n\t\t\t<div class=\"dsvy-meta-author-wrapper dsvy-meta-line\">\t\t\t\t\t\r\n\t\t\t\t<a href=\"https:\/\/universitebazo.ml\/?author=1\" title=\"Posted by BAZO Webmaster\" rel=\"author\"><i class=\"dsvy-base-icon-user\"><\/i> by BAZO Webmaster<\/a>\r\n\t\t\t<\/div>\r\n\t\t\t<div class=\"dsvy-meta-cat-wrapper dsvy-meta-line\">\t\t\t\t\t\r\n\t\t\t\t<div class=\"dsvy-meta-category\"><i class=\"dsvy-base-icon-folder-open\"><\/i> <a href=\"https:\/\/universitebazo.ml\/?cat=1\" rel=\"category\">Non class\u00e9<\/a><\/div>\t\r\n\t\t\t<\/div> \r\n\t\t<\/div>\r\n\t\t<h3 class=\"dsvy-post-title\"><a href=\"https:\/\/universitebazo.ml\/?p=1\">Bonjour tout le monde\u00a0!<\/a><\/h3> \r\n\t<\/div>\r\n<\/div><\/article>\r\n\t\t\t<\/div>\r\n\r\n\t\t\t\r\n\t\t\r\n\t\t<\/div><!-- .designervily-element-inner -->   <\/div><!-- .designervily-element -->  \r\n\t    \t\t<\/div>\n\t\t\t\t<\/div>\n\t\t\t\t\t<\/div>\n\t\t<\/div>\n\t\t\t\t\t\t\t<\/div>\n\t\t<\/section>\n\t\t\t\t\t\t\t<\/div>\n\t\t","protected":false},"excerpt":{"rendered":"<p>Nos Ev\u00e8nements TEMPS FORTS 15 Juil by webadmea Non class\u00e9 Bonjour tout le monde&nbsp;!<\/p>\n","protected":false},"author":1,"featured_media":0,"parent":0,"menu_order":13,"comment_status":"closed","ping_status":"closed","template":"","meta":{"_acf_changed":false,"footnotes":""},"class_list":["post-55","page","type-page","status-publish","hentry"],"acf":[],"yoast_head":"<!-- This site is optimized with the Yoast SEO Premium plugin v24.9 (Yoast SEO v24.9) - https:\/\/yoast.com\/wordpress\/plugins\/seo\/ -->\n<title>Nos Ev\u00e8nements - Universit\u00e9 Bazo<\/title>\n<meta name=\"description\" content=\"Nos Ev\u00e8nements Universit\u00e9 Bazo %\" \/>\n<meta name=\"robots\" content=\"index, follow, max-snippet:-1, max-image-preview:large, max-video-preview:-1\" \/>\n<link rel=\"canonical\" href=\"https:\/\/universitebazo.ml\/?page_id=55\" \/>\n<meta property=\"og:locale\" content=\"fr_FR\" \/>\n<meta property=\"og:type\" content=\"article\" \/>\n<meta property=\"og:title\" content=\"Nos Ev\u00e8nements -\" \/>\n<meta property=\"og:description\" content=\"Universit\u00e9 Bazo\" \/>\n<meta property=\"og:url\" content=\"https:\/\/universitebazo.ml\/?page_id=55\" \/>\n<meta property=\"og:site_name\" content=\"Universit\u00e9 Bazo\" \/>\n<meta property=\"article:publisher\" content=\"https:\/\/www.facebook.com\/profile.php?id=100065028062720\" \/>\n<meta property=\"article:modified_time\" content=\"2024-12-06T16:57:02+00:00\" \/>\n<meta property=\"og:image\" content=\"https:\/\/universitebazo.ml\/wp-content\/uploads\/2021\/10\/00441eff-487d-4a24-9609-ee444124cdd6.jpg\" \/>\n\t<meta property=\"og:image:width\" content=\"1024\" \/>\n\t<meta property=\"og:image:height\" content=\"555\" \/>\n\t<meta property=\"og:image:type\" content=\"image\/jpeg\" \/>\n<meta name=\"twitter:card\" content=\"summary_large_image\" \/>\n<script type=\"application\/ld+json\" class=\"yoast-schema-graph\">{\"@context\":\"https:\/\/schema.org\",\"@graph\":[{\"@type\":\"ScholarlyArticle\",\"@id\":\"https:\/\/universitebazo.ml\/?page_id=55#article\",\"isPartOf\":{\"@id\":\"https:\/\/universitebazo.ml\/?page_id=55\"},\"author\":{\"name\":\"BAZO Webmaster\",\"@id\":\"https:\/\/universitebazo.ml\/#\/schema\/person\/d42cd460ee23c15d4b91ddc9728b28f4\"},\"headline\":\"Nos Ev\u00e8nements\",\"datePublished\":\"2020-06-01T08:42:35+00:00\",\"dateModified\":\"2024-12-06T16:57:02+00:00\",\"mainEntityOfPage\":{\"@id\":\"https:\/\/universitebazo.ml\/?page_id=55\"},\"wordCount\":18,\"publisher\":{\"@id\":\"https:\/\/universitebazo.ml\/#organization\"},\"inLanguage\":\"fr-FR\"},{\"@type\":\"WebPage\",\"@id\":\"https:\/\/universitebazo.ml\/?page_id=55\",\"url\":\"https:\/\/universitebazo.ml\/?page_id=55\",\"name\":\"Nos Ev\u00e8nements - Universit\u00e9 Bazo\",\"isPartOf\":{\"@id\":\"https:\/\/universitebazo.ml\/#website\"},\"datePublished\":\"2020-06-01T08:42:35+00:00\",\"dateModified\":\"2024-12-06T16:57:02+00:00\",\"description\":\"Nos Ev\u00e8nements Universit\u00e9 Bazo %\",\"breadcrumb\":{\"@id\":\"https:\/\/universitebazo.ml\/?page_id=55#breadcrumb\"},\"inLanguage\":\"fr-FR\",\"potentialAction\":[{\"@type\":\"ReadAction\",\"target\":[\"https:\/\/universitebazo.ml\/?page_id=55\"]}]},{\"@type\":\"BreadcrumbList\",\"@id\":\"https:\/\/universitebazo.ml\/?page_id=55#breadcrumb\",\"itemListElement\":[{\"@type\":\"ListItem\",\"position\":1,\"name\":\"Accueil\",\"item\":\"https:\/\/universitebazo.ml\/\"},{\"@type\":\"ListItem\",\"position\":2,\"name\":\"Nos Ev\u00e8nements\"}]},{\"@type\":\"WebSite\",\"@id\":\"https:\/\/universitebazo.ml\/#website\",\"url\":\"https:\/\/universitebazo.ml\/\",\"name\":\"Universitebazo.com\",\"description\":\"La performance par l&#039;excellence\",\"publisher\":{\"@id\":\"https:\/\/universitebazo.ml\/#organization\"},\"alternateName\":\"Bazo universit\u00e9\",\"potentialAction\":[{\"@type\":\"SearchAction\",\"target\":{\"@type\":\"EntryPoint\",\"urlTemplate\":\"https:\/\/universitebazo.ml\/?s={search_term_string}\"},\"query-input\":{\"@type\":\"PropertyValueSpecification\",\"valueRequired\":true,\"valueName\":\"search_term_string\"}}],\"inLanguage\":\"fr-FR\"},{\"@type\":\"Organization\",\"@id\":\"https:\/\/universitebazo.ml\/#organization\",\"name\":\"Universit\u00e9 Bazo\",\"alternateName\":\"Bazo Universit\u00e9\",\"url\":\"https:\/\/universitebazo.ml\/\",\"logo\":{\"@type\":\"ImageObject\",\"inLanguage\":\"fr-FR\",\"@id\":\"https:\/\/universitebazo.ml\/#\/schema\/logo\/image\/\",\"url\":\"https:\/\/universitebazo.ml\/wp-content\/uploads\/2021\/10\/00441eff-487d-4a24-9609-ee444124cdd6.jpg\",\"contentUrl\":\"https:\/\/universitebazo.ml\/wp-content\/uploads\/2021\/10\/00441eff-487d-4a24-9609-ee444124cdd6.jpg\",\"width\":1024,\"height\":555,\"caption\":\"Universit\u00e9 Bazo\"},\"image\":{\"@id\":\"https:\/\/universitebazo.ml\/#\/schema\/logo\/image\/\"},\"sameAs\":[\"https:\/\/www.facebook.com\/profile.php?id=100065028062720\"],\"description\":\"Favoriser l\u2019autonomisation et le perfectionnement de l\u2019\u00e9lite\",\"email\":\"contact@universitebazo.com\",\"telephone\":\"+223 77 77 76 73\",\"legalName\":\"Universit\u00e9 Bazo\",\"publishingPrinciples\":\"https:\/\/universitebazo.ml\/\",\"ownershipFundingInfo\":\"https:\/\/universitebazo.ml\/\"},{\"@type\":\"Person\",\"@id\":\"https:\/\/universitebazo.ml\/#\/schema\/person\/d42cd460ee23c15d4b91ddc9728b28f4\",\"name\":\"BAZO Webmaster\",\"image\":{\"@type\":\"ImageObject\",\"inLanguage\":\"fr-FR\",\"@id\":\"https:\/\/universitebazo.ml\/#\/schema\/person\/image\/\",\"url\":\"https:\/\/secure.gravatar.com\/avatar\/14a2137cdabf9de5a96df173d147f8789b7c5366b1f3a30174065cc7ce8790b9?s=96&d=mm&r=g\",\"contentUrl\":\"https:\/\/secure.gravatar.com\/avatar\/14a2137cdabf9de5a96df173d147f8789b7c5366b1f3a30174065cc7ce8790b9?s=96&d=mm&r=g\",\"caption\":\"BAZO Webmaster\"},\"sameAs\":[\"https:\/\/universitebazo.ml\"],\"url\":\"https:\/\/universitebazo.ml\/?author=1\"}]}<\/script>\n<!-- \/ Yoast SEO Premium plugin. -->","yoast_head_json":{"title":"Nos Ev\u00e8nements - Universit\u00e9 Bazo","description":"Nos Ev\u00e8nements Universit\u00e9 Bazo %","robots":{"index":"index","follow":"follow","max-snippet":"max-snippet:-1","max-image-preview":"max-image-preview:large","max-video-preview":"max-video-preview:-1"},"canonical":"https:\/\/universitebazo.ml\/?page_id=55","og_locale":"fr_FR","og_type":"article","og_title":"Nos Ev\u00e8nements -","og_description":"Universit\u00e9 Bazo","og_url":"https:\/\/universitebazo.ml\/?page_id=55","og_site_name":"Universit\u00e9 Bazo","article_publisher":"https:\/\/www.facebook.com\/profile.php?id=100065028062720","article_modified_time":"2024-12-06T16:57:02+00:00","og_image":[{"width":1024,"height":555,"url":"https:\/\/universitebazo.ml\/wp-content\/uploads\/2021\/10\/00441eff-487d-4a24-9609-ee444124cdd6.jpg","type":"image\/jpeg"}],"twitter_card":"summary_large_image","schema":{"@context":"https:\/\/schema.org","@graph":[{"@type":"ScholarlyArticle","@id":"https:\/\/universitebazo.ml\/?page_id=55#article","isPartOf":{"@id":"https:\/\/universitebazo.ml\/?page_id=55"},"author":{"name":"BAZO Webmaster","@id":"https:\/\/universitebazo.ml\/#\/schema\/person\/d42cd460ee23c15d4b91ddc9728b28f4"},"headline":"Nos Ev\u00e8nements","datePublished":"2020-06-01T08:42:35+00:00","dateModified":"2024-12-06T16:57:02+00:00","mainEntityOfPage":{"@id":"https:\/\/universitebazo.ml\/?page_id=55"},"wordCount":18,"publisher":{"@id":"https:\/\/universitebazo.ml\/#organization"},"inLanguage":"fr-FR"},{"@type":"WebPage","@id":"https:\/\/universitebazo.ml\/?page_id=55","url":"https:\/\/universitebazo.ml\/?page_id=55","name":"Nos Ev\u00e8nements - Universit\u00e9 Bazo","isPartOf":{"@id":"https:\/\/universitebazo.ml\/#website"},"datePublished":"2020-06-01T08:42:35+00:00","dateModified":"2024-12-06T16:57:02+00:00","description":"Nos Ev\u00e8nements Universit\u00e9 Bazo %","breadcrumb":{"@id":"https:\/\/universitebazo.ml\/?page_id=55#breadcrumb"},"inLanguage":"fr-FR","potentialAction":[{"@type":"ReadAction","target":["https:\/\/universitebazo.ml\/?page_id=55"]}]},{"@type":"BreadcrumbList","@id":"https:\/\/universitebazo.ml\/?page_id=55#breadcrumb","itemListElement":[{"@type":"ListItem","position":1,"name":"Accueil","item":"https:\/\/universitebazo.ml\/"},{"@type":"ListItem","position":2,"name":"Nos Ev\u00e8nements"}]},{"@type":"WebSite","@id":"https:\/\/universitebazo.ml\/#website","url":"https:\/\/universitebazo.ml\/","name":"Universitebazo.com","description":"La performance par l&#039;excellence","publisher":{"@id":"https:\/\/universitebazo.ml\/#organization"},"alternateName":"Bazo universit\u00e9","potentialAction":[{"@type":"SearchAction","target":{"@type":"EntryPoint","urlTemplate":"https:\/\/universitebazo.ml\/?s={search_term_string}"},"query-input":{"@type":"PropertyValueSpecification","valueRequired":true,"valueName":"search_term_string"}}],"inLanguage":"fr-FR"},{"@type":"Organization","@id":"https:\/\/universitebazo.ml\/#organization","name":"Universit\u00e9 Bazo","alternateName":"Bazo Universit\u00e9","url":"https:\/\/universitebazo.ml\/","logo":{"@type":"ImageObject","inLanguage":"fr-FR","@id":"https:\/\/universitebazo.ml\/#\/schema\/logo\/image\/","url":"https:\/\/universitebazo.ml\/wp-content\/uploads\/2021\/10\/00441eff-487d-4a24-9609-ee444124cdd6.jpg","contentUrl":"https:\/\/universitebazo.ml\/wp-content\/uploads\/2021\/10\/00441eff-487d-4a24-9609-ee444124cdd6.jpg","width":1024,"height":555,"caption":"Universit\u00e9 Bazo"},"image":{"@id":"https:\/\/universitebazo.ml\/#\/schema\/logo\/image\/"},"sameAs":["https:\/\/www.facebook.com\/profile.php?id=100065028062720"],"description":"Favoriser l\u2019autonomisation et le perfectionnement de l\u2019\u00e9lite","email":"contact@universitebazo.com","telephone":"+223 77 77 76 73","legalName":"Universit\u00e9 Bazo","publishingPrinciples":"https:\/\/universitebazo.ml\/","ownershipFundingInfo":"https:\/\/universitebazo.ml\/"},{"@type":"Person","@id":"https:\/\/universitebazo.ml\/#\/schema\/person\/d42cd460ee23c15d4b91ddc9728b28f4","name":"BAZO Webmaster","image":{"@type":"ImageObject","inLanguage":"fr-FR","@id":"https:\/\/universitebazo.ml\/#\/schema\/person\/image\/","url":"https:\/\/secure.gravatar.com\/avatar\/14a2137cdabf9de5a96df173d147f8789b7c5366b1f3a30174065cc7ce8790b9?s=96&d=mm&r=g","contentUrl":"https:\/\/secure.gravatar.com\/avatar\/14a2137cdabf9de5a96df173d147f8789b7c5366b1f3a30174065cc7ce8790b9?s=96&d=mm&r=g","caption":"BAZO Webmaster"},"sameAs":["https:\/\/universitebazo.ml"],"url":"https:\/\/universitebazo.ml\/?author=1"}]}},"_links":{"self":[{"href":"https:\/\/universitebazo.ml\/index.php?rest_route=\/wp\/v2\/pages\/55","targetHints":{"allow":["GET"]}}],"collection":[{"href":"https:\/\/universitebazo.ml\/index.php?rest_route=\/wp\/v2\/pages"}],"about":[{"href":"https:\/\/universitebazo.ml\/index.php?rest_route=\/wp\/v2\/types\/page"}],"author":[{"embeddable":true,"href":"https:\/\/universitebazo.ml\/index.php?rest_route=\/wp\/v2\/users\/1"}],"replies":[{"embeddable":true,"href":"https:\/\/universitebazo.ml\/index.php?rest_route=%2Fwp%2Fv2%2Fcomments&post=55"}],"version-history":[{"count":30,"href":"https:\/\/universitebazo.ml\/index.php?rest_route=\/wp\/v2\/pages\/55\/revisions"}],"predecessor-version":[{"id":1708,"href":"https:\/\/universitebazo.ml\/index.php?rest_route=\/wp\/v2\/pages\/55\/revisions\/1708"}],"wp:attachment":[{"href":"https:\/\/universitebazo.ml\/index.php?rest_route=%2Fwp%2Fv2%2Fmedia&parent=55"}],"curies":[{"name":"wp","href":"https:\/\/api.w.org\/{rel}","templated":true}]}}