{"id":50,"date":"2020-06-03T09:25:39","date_gmt":"2020-06-03T07:25:39","guid":{"rendered":"http:\/\/digicop.designervily.com\/demo1\/?page_id=12842"},"modified":"2025-04-24T16:37:56","modified_gmt":"2025-04-24T16:37:56","slug":"contactez-nous","status":"publish","type":"page","link":"https:\/\/universitebazo.ml\/?page_id=50","title":{"rendered":"Contactez-nous"},"content":{"rendered":"\t\t<div data-elementor-type=\"wp-page\" data-elementor-id=\"50\" class=\"elementor elementor-50\">\n\t\t\t\t\t\t\t\t\t<section class=\"elementor-section elementor-top-section elementor-element elementor-element-9930bc3 dsvy-bg-color-yes dsvy-elementor-bg-color-white dsvy-col-stretched-none dsvy-bg-color-over-image elementor-section-boxed elementor-section-height-default elementor-section-height-default\" data-id=\"9930bc3\" data-element_type=\"section\">\n\t\t\t\t\t\t<div class=\"elementor-container elementor-column-gap-no\">\n\t\t\t\t\t<div class=\"elementor-column elementor-col-100 elementor-top-column elementor-element elementor-element-a4f9b81 dsvy-bg-color-over-image\" data-id=\"a4f9b81\" data-element_type=\"column\">\n\t\t\t<div class=\"elementor-widget-wrap elementor-element-populated\">\n\t\t\t\t\t\t\t\t<div class=\"elementor-element elementor-element-dbbbe1c dsvy-align-center elementor-widget elementor-widget-dsvy_heading\" data-id=\"dbbbe1c\" data-element_type=\"widget\" data-widget_type=\"dsvy_heading.default\">\n\t\t\t\t<div class=\"elementor-widget-container\">\n\t\t\t\t<div class=\"dsvy-heading-subheading center-align dsvy-reverse-heading-yes\"><h4 class=\"dsvy-element-subtitle\">\r\n\t\t\t\r\n\t\t\t\tENTRER EN CONTACT\r\n\t\t\t\r\n\t\t\t<\/h4>\r\n\t\t<h2 class=\"dsvy-element-title\">\r\n\t\t\t\r\n\t\t\t\tAppelez maintenant Ou \u00e9crivez un message\r\n\t\t\t\r\n\t\t\t<\/h2>\r\n\t\t<div class=\"dsvy-heading-desc\">Si vous avez des questions sur nos cours, n\u2019h\u00e9sitez pas \u00e0 nous contacter.<\/div><\/div>\t\t<\/div>\n\t\t\t\t<\/div>\n\t\t\t\t<section class=\"elementor-section elementor-inner-section elementor-element elementor-element-45e0928 dsvy-col-stretched-none dsvy-bg-color-over-image elementor-section-boxed elementor-section-height-default elementor-section-height-default\" data-id=\"45e0928\" data-element_type=\"section\">\n\t\t\t\t\t\t<div class=\"elementor-container elementor-column-gap-no\">\n\t\t\t\t\t<div class=\"elementor-column elementor-col-33 elementor-inner-column elementor-element elementor-element-af7d5fe dsvy-bg-color-over-image\" data-id=\"af7d5fe\" data-element_type=\"column\">\n\t\t\t<div class=\"elementor-widget-wrap elementor-element-populated\">\n\t\t\t\t\t\t\t\t<div class=\"elementor-element elementor-element-28af8da elementor-widget elementor-widget-dsvy_icon_heading\" data-id=\"28af8da\" data-element_type=\"widget\" data-widget_type=\"dsvy_icon_heading.default\">\n\t\t\t\t<div class=\"elementor-widget-container\">\n\t\t\t<div class=\"dsvy-ihbox dsvy-ihbox-style-7\">\r\n<div class=\"d-flex dsvy-ihbox-box\">\r\n\t<div class=\"dsvy-ihbox-icon\"><div class=\"dsvy-ihbox-icon-wrapper\"><i class=\"dsvy-lyfpro-icon dsvy-lyfpro-icon-pin\"><\/i><\/div><\/div>\t\r\n\t<div class=\"dsvy-ihbox-contents\">\t\r\n\t\t<h2 class=\"dsvy-element-title\">\r\n\t\t\t\t\t\r\n\t\t\t\t\t\tNotre Local\r\n\t\t\t\t\t\r\n\t\t\t\t\t<\/h2>\r\n\t\t\t\t\t\r\n\t\t\t\t<div class=\"dsvy-heading-desc\">Universit\u00e9 Bazo,<br \/>\nM379+CFJ, Bamako\n<\/div>\t\t\t<\/div><!-- .dsvy-ihbox-contents -->\r\n<\/div><\/div>\t\t<\/div>\n\t\t\t\t<\/div>\n\t\t\t\t\t<\/div>\n\t\t<\/div>\n\t\t\t\t<div class=\"elementor-column elementor-col-33 elementor-inner-column elementor-element elementor-element-1af8f50 dsvy-bg-color-over-image\" data-id=\"1af8f50\" data-element_type=\"column\">\n\t\t\t<div class=\"elementor-widget-wrap elementor-element-populated\">\n\t\t\t\t\t\t\t\t<div class=\"elementor-element elementor-element-cc70f8e elementor-widget elementor-widget-dsvy_icon_heading\" data-id=\"cc70f8e\" data-element_type=\"widget\" data-widget_type=\"dsvy_icon_heading.default\">\n\t\t\t\t<div class=\"elementor-widget-container\">\n\t\t\t<div class=\"dsvy-ihbox dsvy-ihbox-style-7\">\r\n<div class=\"d-flex dsvy-ihbox-box\">\r\n\t<div class=\"dsvy-ihbox-icon\"><div class=\"dsvy-ihbox-icon-wrapper\"><i class=\"dsvy-lyfpro-icon dsvy-lyfpro-icon-call\"><\/i><\/div><\/div>\t\r\n\t<div class=\"dsvy-ihbox-contents\">\t\r\n\t\t<h2 class=\"dsvy-element-title\">\r\n\t\t\t\t\t\r\n\t\t\t\t\t\tT\u00e9l\u00e9phone\r\n\t\t\t\t\t\r\n\t\t\t\t\t<\/h2>\r\n\t\t\t\t\t\r\n\t\t\t\t<div class=\"dsvy-heading-desc\">+223 77 77 76 73<br \/>\n\n+223 66 03 65 90\n<\/div>\t\t\t<\/div><!-- .dsvy-ihbox-contents -->\r\n<\/div><\/div>\t\t<\/div>\n\t\t\t\t<\/div>\n\t\t\t\t\t<\/div>\n\t\t<\/div>\n\t\t\t\t<div class=\"elementor-column elementor-col-33 elementor-inner-column elementor-element elementor-element-9ff1c48 dsvy-bg-color-over-image\" data-id=\"9ff1c48\" data-element_type=\"column\">\n\t\t\t<div class=\"elementor-widget-wrap elementor-element-populated\">\n\t\t\t\t\t\t\t\t<div class=\"elementor-element elementor-element-16d04f7 elementor-widget elementor-widget-dsvy_icon_heading\" data-id=\"16d04f7\" data-element_type=\"widget\" data-widget_type=\"dsvy_icon_heading.default\">\n\t\t\t\t<div class=\"elementor-widget-container\">\n\t\t\t<div class=\"dsvy-ihbox dsvy-ihbox-style-7\">\r\n<div class=\"d-flex dsvy-ihbox-box\">\r\n\t<div class=\"dsvy-ihbox-icon\"><div class=\"dsvy-ihbox-icon-wrapper\"><i class=\"dsvy-lyfpro-icon dsvy-lyfpro-icon-email-1\"><\/i><\/div><\/div>\t\r\n\t<div class=\"dsvy-ihbox-contents\">\t\r\n\t\t<h2 class=\"dsvy-element-title\">\r\n\t\t\t\t\t\r\n\t\t\t\t\t\tEmail \r\n\t\t\t\t\t\r\n\t\t\t\t\t<\/h2>\r\n\t\t\t\t\t\r\n\t\t\t\t<div class=\"dsvy-heading-desc\">contact@universitebazo.com\ninfo@universitebazo.com<\/div>\t\t\t<\/div><!-- .dsvy-ihbox-contents -->\r\n<\/div><\/div>\t\t<\/div>\n\t\t\t\t<\/div>\n\t\t\t\t\t<\/div>\n\t\t<\/div>\n\t\t\t\t\t\t\t<\/div>\n\t\t<\/section>\n\t\t\t\t\t<\/div>\n\t\t<\/div>\n\t\t\t\t\t\t\t<\/div>\n\t\t<\/section>\n\t\t\t\t<section class=\"elementor-section elementor-top-section elementor-element elementor-element-e1b7b07 dsvy-bg-color-yes dsvy-elementor-bg-color-blackish dsvy-bg-image-over-color elementor-section-stretched dsvy-col-stretched-none elementor-section-boxed elementor-section-height-default elementor-section-height-default\" data-id=\"e1b7b07\" data-element_type=\"section\" data-settings=\"{&quot;stretch_section&quot;:&quot;section-stretched&quot;,&quot;background_background&quot;:&quot;classic&quot;}\">\n\t\t\t\t\t\t<div class=\"elementor-container elementor-column-gap-default\">\n\t\t\t\t\t<div class=\"elementor-column elementor-col-50 elementor-top-column elementor-element elementor-element-67e9278 dsvy-bg-image-over-color\" data-id=\"67e9278\" data-element_type=\"column\">\n\t\t\t<div class=\"elementor-widget-wrap elementor-element-populated\">\n\t\t\t\t\t\t\t\t<div class=\"elementor-element elementor-element-dfd8b5c elementor-widget elementor-widget-image\" data-id=\"dfd8b5c\" data-element_type=\"widget\" data-widget_type=\"image.default\">\n\t\t\t\t<div class=\"elementor-widget-container\">\n\t\t\t\t\t\t\t\t\t\t\t\t\t\t\t<img loading=\"lazy\" decoding=\"async\" width=\"768\" height=\"1024\" src=\"https:\/\/universitebazo.ml\/wp-content\/uploads\/2021\/11\/61e6053d-f32c-49eb-9b97-6109600a9830-768x1024.jpg\" class=\"attachment-large size-large\" alt=\"\" srcset=\"https:\/\/universitebazo.ml\/wp-content\/uploads\/2021\/11\/61e6053d-f32c-49eb-9b97-6109600a9830-768x1024.jpg 768w, https:\/\/universitebazo.ml\/wp-content\/uploads\/2021\/11\/61e6053d-f32c-49eb-9b97-6109600a9830-225x300.jpg 225w, https:\/\/universitebazo.ml\/wp-content\/uploads\/2021\/11\/61e6053d-f32c-49eb-9b97-6109600a9830-600x800.jpg 600w, https:\/\/universitebazo.ml\/wp-content\/uploads\/2021\/11\/61e6053d-f32c-49eb-9b97-6109600a9830-770x1027.jpg 770w, https:\/\/universitebazo.ml\/wp-content\/uploads\/2021\/11\/61e6053d-f32c-49eb-9b97-6109600a9830.jpg 810w\" sizes=\"auto, (max-width: 768px) 100vw, 768px\" \/>\t\t\t\t\t\t\t\t\t\t\t\t\t\t\t<\/div>\n\t\t\t\t<\/div>\n\t\t\t\t\t<\/div>\n\t\t<\/div>\n\t\t\t\t<div class=\"elementor-column elementor-col-50 elementor-top-column elementor-element elementor-element-088d6c4 dsvy-bg-color-yes dsvy-elementor-bg-color-blackish dsvy-text-color-white dsvy-bg-image-over-color\" data-id=\"088d6c4\" data-element_type=\"column\" data-settings=\"{&quot;background_background&quot;:&quot;classic&quot;}\">\n\t\t\t<div class=\"elementor-widget-wrap elementor-element-populated\">\n\t\t\t\t\t\t\t\t<div class=\"elementor-element elementor-element-2ce4dd7 elementor-widget elementor-widget-shortcode\" data-id=\"2ce4dd7\" data-element_type=\"widget\" data-widget_type=\"shortcode.default\">\n\t\t\t\t<div class=\"elementor-widget-container\">\n\t\t\t\t\t<div class=\"elementor-shortcode\"><div role=\"form\" class=\"wpcf7\" id=\"wpcf7-f32-o1\" lang=\"en-US\" dir=\"ltr\">\n<div class=\"screen-reader-response\"><p role=\"status\" aria-live=\"polite\" aria-atomic=\"true\"><\/p> <ul><\/ul><\/div>\n<form action=\"\/index.php?rest_route=%2Fwp%2Fv2%2Fpages%2F50#wpcf7-f32-o1\" method=\"post\" class=\"wpcf7-form init\" novalidate=\"novalidate\" data-status=\"init\">\n<div style=\"display: none;\">\n<input type=\"hidden\" name=\"_wpcf7\" value=\"32\" \/>\n<input type=\"hidden\" name=\"_wpcf7_version\" value=\"5.6.2\" \/>\n<input type=\"hidden\" name=\"_wpcf7_locale\" value=\"en_US\" \/>\n<input type=\"hidden\" name=\"_wpcf7_unit_tag\" value=\"wpcf7-f32-o1\" \/>\n<input type=\"hidden\" name=\"_wpcf7_container_post\" value=\"0\" \/>\n<input type=\"hidden\" name=\"_wpcf7_posted_data_hash\" value=\"\" \/>\n<\/div>\n<div class=\"main-form quote-form\">\n<h3>Contactez-nous<\/h3>\n<div class=\"row\">\n<div class=\"col-md-12\">\n<div class=\"input-group\"><span class=\"wpcf7-form-control-wrap\" data-name=\"your-name\"><input type=\"text\" name=\"your-name\" value=\"\" size=\"40\" class=\"wpcf7-form-control wpcf7-text\" aria-invalid=\"false\" placeholder=\"Nom\" \/><\/span><\/div>\n<\/div>\n<div class=\"col-md-12\">\n<div class=\"input-group\"><span class=\"wpcf7-form-control-wrap\" data-name=\"your-email\"><input type=\"text\" name=\"your-email\" value=\"\" size=\"40\" class=\"wpcf7-form-control wpcf7-text\" aria-invalid=\"false\" placeholder=\"Email\" \/><\/span><\/div>\n<\/div>\n<div class=\"col-md-12\">\n<div class=\"input-group\"><span class=\"wpcf7-form-control-wrap\" data-name=\"phone\"><input type=\"text\" name=\"phone\" value=\"\" size=\"40\" class=\"wpcf7-form-control wpcf7-text\" aria-invalid=\"false\" placeholder=\"Telephone\" \/><\/span><\/div>\n<\/div>\n<div class=\"col-md-12\">\n<div class=\"input-group\"><span class=\"wpcf7-form-control-wrap\" data-name=\"text-99\"><input type=\"text\" name=\"text-99\" value=\"\" size=\"40\" class=\"wpcf7-form-control wpcf7-text\" aria-invalid=\"false\" placeholder=\"Sujet\" \/><\/span><\/div>\n<\/div>\n<div class=\"col-md-12\">\n<div class=\"input-group input-button\"><span class=\"wpcf7-form-control-wrap\" data-name=\"message\"><textarea name=\"message\" cols=\"40\" rows=\"4\" class=\"wpcf7-form-control wpcf7-textarea\" aria-invalid=\"false\" placeholder=\"Message\"><\/textarea><\/span><\/div>\n<\/div>\n<div class=\"col-md-8 col-sm-12\">\n<div class=\"input-group input-button\"><input type=\"submit\" value=\"Envoyer\" class=\"wpcf7-form-control has-spinner wpcf7-submit\" \/>\n                  <\/div>\n<\/div>\n<\/div>\n<\/div>\n<div class=\"wpcf7-response-output\" aria-hidden=\"true\"><\/div><\/form><\/div><\/div>\n\t\t\t\t<\/div>\n\t\t\t\t<\/div>\n\t\t\t\t\t<\/div>\n\t\t<\/div>\n\t\t\t\t\t\t\t<\/div>\n\t\t<\/section>\n\t\t\t\t<section class=\"elementor-section elementor-top-section elementor-element elementor-element-ed521e1 elementor-section-stretched dsvy-bg-color-yes dsvy-elementor-bg-color-light elementor-section-full_width dsvy-col-stretched-none dsvy-bg-color-over-image elementor-section-height-default elementor-section-height-default\" data-id=\"ed521e1\" data-element_type=\"section\" data-settings=\"{&quot;stretch_section&quot;:&quot;section-stretched&quot;}\">\n\t\t\t\t\t\t<div class=\"elementor-container elementor-column-gap-default\">\n\t\t\t\t\t<div class=\"elementor-column elementor-col-100 elementor-top-column elementor-element elementor-element-0d73d74 dsvy-bg-color-over-image\" data-id=\"0d73d74\" data-element_type=\"column\">\n\t\t\t<div class=\"elementor-widget-wrap elementor-element-populated\">\n\t\t\t\t\t\t\t\t<div class=\"elementor-element elementor-element-783fc33 elementor-widget elementor-widget-google_maps\" data-id=\"783fc33\" data-element_type=\"widget\" data-widget_type=\"google_maps.default\">\n\t\t\t\t<div class=\"elementor-widget-container\">\n\t\t\t\t\t<div class=\"elementor-custom-embed\">\n\t\t\t<iframe frameborder=\"0\" scrolling=\"no\" marginheight=\"0\" marginwidth=\"0\"\n\t\t\t\t\tsrc=\"https:\/\/maps.google.com\/maps?q=Mali%2C%20Bamako%2C%20Yirimadjo&#038;t=m&#038;z=10&#038;output=embed&#038;iwloc=near\"\n\t\t\t\t\ttitle=\"Mali, Bamako, Yirimadjo\"\n\t\t\t\t\taria-label=\"Mali, Bamako, Yirimadjo\"\n\t\t\t><\/iframe>\n\t\t<\/div>\n\t\t\t\t<\/div>\n\t\t\t\t<\/div>\n\t\t\t\t\t<\/div>\n\t\t<\/div>\n\t\t\t\t\t\t\t<\/div>\n\t\t<\/section>\n\t\t\t\t\t\t\t<\/div>\n\t\t","protected":false},"excerpt":{"rendered":"<p>ENTRER EN CONTACT Appelez maintenant Ou \u00e9crivez un message Si vous avez des questions sur nos cours, n\u2019h\u00e9sitez pas \u00e0 nous contacter. Notre Local Universit\u00e9 Bazo, M379+CFJ, Bamako T\u00e9l\u00e9phone +223 77 77 76 73 +223 66 03 65 90 Email contact@universitebazo.com info@universitebazo.com<\/p>\n","protected":false},"author":1,"featured_media":0,"parent":0,"menu_order":15,"comment_status":"closed","ping_status":"closed","template":"","meta":{"_acf_changed":false,"footnotes":""},"class_list":["post-50","page","type-page","status-publish","hentry"],"acf":[],"yoast_head":"<!-- This site is optimized with the Yoast SEO Premium plugin v24.9 (Yoast SEO v24.9) - https:\/\/yoast.com\/wordpress\/plugins\/seo\/ -->\n<title>Contactez-nous - Universit\u00e9 Bazo<\/title>\n<meta name=\"description\" content=\"Contactez-nous Universit\u00e9 Bazo %\" \/>\n<meta name=\"robots\" content=\"index, follow, max-snippet:-1, max-image-preview:large, max-video-preview:-1\" \/>\n<link rel=\"canonical\" href=\"https:\/\/universitebazo.ml\/?page_id=50\" \/>\n<meta property=\"og:locale\" content=\"fr_FR\" \/>\n<meta property=\"og:type\" content=\"article\" \/>\n<meta property=\"og:title\" content=\"Contactez-nous -\" \/>\n<meta property=\"og:description\" content=\"Universit\u00e9 Bazo\" \/>\n<meta property=\"og:url\" content=\"https:\/\/universitebazo.ml\/?page_id=50\" \/>\n<meta property=\"og:site_name\" content=\"Universit\u00e9 Bazo\" \/>\n<meta property=\"article:publisher\" content=\"https:\/\/www.facebook.com\/profile.php?id=100065028062720\" \/>\n<meta property=\"article:modified_time\" content=\"2025-04-24T16:37:56+00:00\" \/>\n<meta property=\"og:image\" content=\"https:\/\/universitebazo.ml\/wp-content\/uploads\/2021\/11\/61e6053d-f32c-49eb-9b97-6109600a9830-768x1024.jpg\" \/>\n<meta name=\"twitter:card\" content=\"summary_large_image\" \/>\n<meta name=\"twitter:label1\" content=\"Dur\u00e9e de lecture estim\u00e9e\" \/>\n\t<meta name=\"twitter:data1\" content=\"1 minute\" \/>\n<script type=\"application\/ld+json\" class=\"yoast-schema-graph\">{\"@context\":\"https:\/\/schema.org\",\"@graph\":[{\"@type\":\"ScholarlyArticle\",\"@id\":\"https:\/\/universitebazo.ml\/?page_id=50#article\",\"isPartOf\":{\"@id\":\"https:\/\/universitebazo.ml\/?page_id=50\"},\"author\":{\"name\":\"BAZO Webmaster\",\"@id\":\"https:\/\/universitebazo.ml\/#\/schema\/person\/d42cd460ee23c15d4b91ddc9728b28f4\"},\"headline\":\"Contactez-nous\",\"datePublished\":\"2020-06-03T07:25:39+00:00\",\"dateModified\":\"2025-04-24T16:37:56+00:00\",\"mainEntityOfPage\":{\"@id\":\"https:\/\/universitebazo.ml\/?page_id=50\"},\"wordCount\":46,\"publisher\":{\"@id\":\"https:\/\/universitebazo.ml\/#organization\"},\"image\":{\"@id\":\"https:\/\/universitebazo.ml\/?page_id=50#primaryimage\"},\"thumbnailUrl\":\"https:\/\/universitebazo.ml\/wp-content\/uploads\/2021\/11\/61e6053d-f32c-49eb-9b97-6109600a9830-768x1024.jpg\",\"inLanguage\":\"fr-FR\"},{\"@type\":\"WebPage\",\"@id\":\"https:\/\/universitebazo.ml\/?page_id=50\",\"url\":\"https:\/\/universitebazo.ml\/?page_id=50\",\"name\":\"Contactez-nous - Universit\u00e9 Bazo\",\"isPartOf\":{\"@id\":\"https:\/\/universitebazo.ml\/#website\"},\"primaryImageOfPage\":{\"@id\":\"https:\/\/universitebazo.ml\/?page_id=50#primaryimage\"},\"image\":{\"@id\":\"https:\/\/universitebazo.ml\/?page_id=50#primaryimage\"},\"thumbnailUrl\":\"https:\/\/universitebazo.ml\/wp-content\/uploads\/2021\/11\/61e6053d-f32c-49eb-9b97-6109600a9830-768x1024.jpg\",\"datePublished\":\"2020-06-03T07:25:39+00:00\",\"dateModified\":\"2025-04-24T16:37:56+00:00\",\"description\":\"Contactez-nous Universit\u00e9 Bazo %\",\"breadcrumb\":{\"@id\":\"https:\/\/universitebazo.ml\/?page_id=50#breadcrumb\"},\"inLanguage\":\"fr-FR\",\"potentialAction\":[{\"@type\":\"ReadAction\",\"target\":[\"https:\/\/universitebazo.ml\/?page_id=50\"]}]},{\"@type\":\"ImageObject\",\"inLanguage\":\"fr-FR\",\"@id\":\"https:\/\/universitebazo.ml\/?page_id=50#primaryimage\",\"url\":\"https:\/\/universitebazo.ml\/wp-content\/uploads\/2021\/11\/61e6053d-f32c-49eb-9b97-6109600a9830.jpg\",\"contentUrl\":\"https:\/\/universitebazo.ml\/wp-content\/uploads\/2021\/11\/61e6053d-f32c-49eb-9b97-6109600a9830.jpg\",\"width\":810,\"height\":1080},{\"@type\":\"BreadcrumbList\",\"@id\":\"https:\/\/universitebazo.ml\/?page_id=50#breadcrumb\",\"itemListElement\":[{\"@type\":\"ListItem\",\"position\":1,\"name\":\"Accueil\",\"item\":\"https:\/\/universitebazo.ml\/\"},{\"@type\":\"ListItem\",\"position\":2,\"name\":\"Contactez-nous\"}]},{\"@type\":\"WebSite\",\"@id\":\"https:\/\/universitebazo.ml\/#website\",\"url\":\"https:\/\/universitebazo.ml\/\",\"name\":\"Universitebazo.com\",\"description\":\"La performance par l&#039;excellence\",\"publisher\":{\"@id\":\"https:\/\/universitebazo.ml\/#organization\"},\"alternateName\":\"Bazo universit\u00e9\",\"potentialAction\":[{\"@type\":\"SearchAction\",\"target\":{\"@type\":\"EntryPoint\",\"urlTemplate\":\"https:\/\/universitebazo.ml\/?s={search_term_string}\"},\"query-input\":{\"@type\":\"PropertyValueSpecification\",\"valueRequired\":true,\"valueName\":\"search_term_string\"}}],\"inLanguage\":\"fr-FR\"},{\"@type\":\"Organization\",\"@id\":\"https:\/\/universitebazo.ml\/#organization\",\"name\":\"Universit\u00e9 Bazo\",\"alternateName\":\"Bazo Universit\u00e9\",\"url\":\"https:\/\/universitebazo.ml\/\",\"logo\":{\"@type\":\"ImageObject\",\"inLanguage\":\"fr-FR\",\"@id\":\"https:\/\/universitebazo.ml\/#\/schema\/logo\/image\/\",\"url\":\"https:\/\/universitebazo.ml\/wp-content\/uploads\/2021\/10\/00441eff-487d-4a24-9609-ee444124cdd6.jpg\",\"contentUrl\":\"https:\/\/universitebazo.ml\/wp-content\/uploads\/2021\/10\/00441eff-487d-4a24-9609-ee444124cdd6.jpg\",\"width\":1024,\"height\":555,\"caption\":\"Universit\u00e9 Bazo\"},\"image\":{\"@id\":\"https:\/\/universitebazo.ml\/#\/schema\/logo\/image\/\"},\"sameAs\":[\"https:\/\/www.facebook.com\/profile.php?id=100065028062720\"],\"description\":\"Favoriser l\u2019autonomisation et le perfectionnement de l\u2019\u00e9lite\",\"email\":\"contact@universitebazo.com\",\"telephone\":\"+223 77 77 76 73\",\"legalName\":\"Universit\u00e9 Bazo\",\"publishingPrinciples\":\"https:\/\/universitebazo.ml\/\",\"ownershipFundingInfo\":\"https:\/\/universitebazo.ml\/\"},{\"@type\":\"Person\",\"@id\":\"https:\/\/universitebazo.ml\/#\/schema\/person\/d42cd460ee23c15d4b91ddc9728b28f4\",\"name\":\"BAZO Webmaster\",\"image\":{\"@type\":\"ImageObject\",\"inLanguage\":\"fr-FR\",\"@id\":\"https:\/\/universitebazo.ml\/#\/schema\/person\/image\/\",\"url\":\"https:\/\/secure.gravatar.com\/avatar\/14a2137cdabf9de5a96df173d147f8789b7c5366b1f3a30174065cc7ce8790b9?s=96&d=mm&r=g\",\"contentUrl\":\"https:\/\/secure.gravatar.com\/avatar\/14a2137cdabf9de5a96df173d147f8789b7c5366b1f3a30174065cc7ce8790b9?s=96&d=mm&r=g\",\"caption\":\"BAZO Webmaster\"},\"sameAs\":[\"https:\/\/universitebazo.ml\"],\"url\":\"https:\/\/universitebazo.ml\/?author=1\"}]}<\/script>\n<!-- \/ Yoast SEO Premium plugin. -->","yoast_head_json":{"title":"Contactez-nous - Universit\u00e9 Bazo","description":"Contactez-nous Universit\u00e9 Bazo %","robots":{"index":"index","follow":"follow","max-snippet":"max-snippet:-1","max-image-preview":"max-image-preview:large","max-video-preview":"max-video-preview:-1"},"canonical":"https:\/\/universitebazo.ml\/?page_id=50","og_locale":"fr_FR","og_type":"article","og_title":"Contactez-nous -","og_description":"Universit\u00e9 Bazo","og_url":"https:\/\/universitebazo.ml\/?page_id=50","og_site_name":"Universit\u00e9 Bazo","article_publisher":"https:\/\/www.facebook.com\/profile.php?id=100065028062720","article_modified_time":"2025-04-24T16:37:56+00:00","og_image":[{"url":"https:\/\/universitebazo.ml\/wp-content\/uploads\/2021\/11\/61e6053d-f32c-49eb-9b97-6109600a9830-768x1024.jpg","type":"","width":"","height":""}],"twitter_card":"summary_large_image","twitter_misc":{"Dur\u00e9e de lecture estim\u00e9e":"1 minute"},"schema":{"@context":"https:\/\/schema.org","@graph":[{"@type":"ScholarlyArticle","@id":"https:\/\/universitebazo.ml\/?page_id=50#article","isPartOf":{"@id":"https:\/\/universitebazo.ml\/?page_id=50"},"author":{"name":"BAZO Webmaster","@id":"https:\/\/universitebazo.ml\/#\/schema\/person\/d42cd460ee23c15d4b91ddc9728b28f4"},"headline":"Contactez-nous","datePublished":"2020-06-03T07:25:39+00:00","dateModified":"2025-04-24T16:37:56+00:00","mainEntityOfPage":{"@id":"https:\/\/universitebazo.ml\/?page_id=50"},"wordCount":46,"publisher":{"@id":"https:\/\/universitebazo.ml\/#organization"},"image":{"@id":"https:\/\/universitebazo.ml\/?page_id=50#primaryimage"},"thumbnailUrl":"https:\/\/universitebazo.ml\/wp-content\/uploads\/2021\/11\/61e6053d-f32c-49eb-9b97-6109600a9830-768x1024.jpg","inLanguage":"fr-FR"},{"@type":"WebPage","@id":"https:\/\/universitebazo.ml\/?page_id=50","url":"https:\/\/universitebazo.ml\/?page_id=50","name":"Contactez-nous - Universit\u00e9 Bazo","isPartOf":{"@id":"https:\/\/universitebazo.ml\/#website"},"primaryImageOfPage":{"@id":"https:\/\/universitebazo.ml\/?page_id=50#primaryimage"},"image":{"@id":"https:\/\/universitebazo.ml\/?page_id=50#primaryimage"},"thumbnailUrl":"https:\/\/universitebazo.ml\/wp-content\/uploads\/2021\/11\/61e6053d-f32c-49eb-9b97-6109600a9830-768x1024.jpg","datePublished":"2020-06-03T07:25:39+00:00","dateModified":"2025-04-24T16:37:56+00:00","description":"Contactez-nous Universit\u00e9 Bazo %","breadcrumb":{"@id":"https:\/\/universitebazo.ml\/?page_id=50#breadcrumb"},"inLanguage":"fr-FR","potentialAction":[{"@type":"ReadAction","target":["https:\/\/universitebazo.ml\/?page_id=50"]}]},{"@type":"ImageObject","inLanguage":"fr-FR","@id":"https:\/\/universitebazo.ml\/?page_id=50#primaryimage","url":"https:\/\/universitebazo.ml\/wp-content\/uploads\/2021\/11\/61e6053d-f32c-49eb-9b97-6109600a9830.jpg","contentUrl":"https:\/\/universitebazo.ml\/wp-content\/uploads\/2021\/11\/61e6053d-f32c-49eb-9b97-6109600a9830.jpg","width":810,"height":1080},{"@type":"BreadcrumbList","@id":"https:\/\/universitebazo.ml\/?page_id=50#breadcrumb","itemListElement":[{"@type":"ListItem","position":1,"name":"Accueil","item":"https:\/\/universitebazo.ml\/"},{"@type":"ListItem","position":2,"name":"Contactez-nous"}]},{"@type":"WebSite","@id":"https:\/\/universitebazo.ml\/#website","url":"https:\/\/universitebazo.ml\/","name":"Universitebazo.com","description":"La performance par l&#039;excellence","publisher":{"@id":"https:\/\/universitebazo.ml\/#organization"},"alternateName":"Bazo universit\u00e9","potentialAction":[{"@type":"SearchAction","target":{"@type":"EntryPoint","urlTemplate":"https:\/\/universitebazo.ml\/?s={search_term_string}"},"query-input":{"@type":"PropertyValueSpecification","valueRequired":true,"valueName":"search_term_string"}}],"inLanguage":"fr-FR"},{"@type":"Organization","@id":"https:\/\/universitebazo.ml\/#organization","name":"Universit\u00e9 Bazo","alternateName":"Bazo Universit\u00e9","url":"https:\/\/universitebazo.ml\/","logo":{"@type":"ImageObject","inLanguage":"fr-FR","@id":"https:\/\/universitebazo.ml\/#\/schema\/logo\/image\/","url":"https:\/\/universitebazo.ml\/wp-content\/uploads\/2021\/10\/00441eff-487d-4a24-9609-ee444124cdd6.jpg","contentUrl":"https:\/\/universitebazo.ml\/wp-content\/uploads\/2021\/10\/00441eff-487d-4a24-9609-ee444124cdd6.jpg","width":1024,"height":555,"caption":"Universit\u00e9 Bazo"},"image":{"@id":"https:\/\/universitebazo.ml\/#\/schema\/logo\/image\/"},"sameAs":["https:\/\/www.facebook.com\/profile.php?id=100065028062720"],"description":"Favoriser l\u2019autonomisation et le perfectionnement de l\u2019\u00e9lite","email":"contact@universitebazo.com","telephone":"+223 77 77 76 73","legalName":"Universit\u00e9 Bazo","publishingPrinciples":"https:\/\/universitebazo.ml\/","ownershipFundingInfo":"https:\/\/universitebazo.ml\/"},{"@type":"Person","@id":"https:\/\/universitebazo.ml\/#\/schema\/person\/d42cd460ee23c15d4b91ddc9728b28f4","name":"BAZO Webmaster","image":{"@type":"ImageObject","inLanguage":"fr-FR","@id":"https:\/\/universitebazo.ml\/#\/schema\/person\/image\/","url":"https:\/\/secure.gravatar.com\/avatar\/14a2137cdabf9de5a96df173d147f8789b7c5366b1f3a30174065cc7ce8790b9?s=96&d=mm&r=g","contentUrl":"https:\/\/secure.gravatar.com\/avatar\/14a2137cdabf9de5a96df173d147f8789b7c5366b1f3a30174065cc7ce8790b9?s=96&d=mm&r=g","caption":"BAZO Webmaster"},"sameAs":["https:\/\/universitebazo.ml"],"url":"https:\/\/universitebazo.ml\/?author=1"}]}},"_links":{"self":[{"href":"https:\/\/universitebazo.ml\/index.php?rest_route=\/wp\/v2\/pages\/50","targetHints":{"allow":["GET"]}}],"collection":[{"href":"https:\/\/universitebazo.ml\/index.php?rest_route=\/wp\/v2\/pages"}],"about":[{"href":"https:\/\/universitebazo.ml\/index.php?rest_route=\/wp\/v2\/types\/page"}],"author":[{"embeddable":true,"href":"https:\/\/universitebazo.ml\/index.php?rest_route=\/wp\/v2\/users\/1"}],"replies":[{"embeddable":true,"href":"https:\/\/universitebazo.ml\/index.php?rest_route=%2Fwp%2Fv2%2Fcomments&post=50"}],"version-history":[{"count":33,"href":"https:\/\/universitebazo.ml\/index.php?rest_route=\/wp\/v2\/pages\/50\/revisions"}],"predecessor-version":[{"id":1664,"href":"https:\/\/universitebazo.ml\/index.php?rest_route=\/wp\/v2\/pages\/50\/revisions\/1664"}],"wp:attachment":[{"href":"https:\/\/universitebazo.ml\/index.php?rest_route=%2Fwp%2Fv2%2Fmedia&parent=50"}],"curies":[{"name":"wp","href":"https:\/\/api.w.org\/{rel}","templated":true}]}}