{"id":47,"date":"2020-06-08T03:54:14","date_gmt":"2020-06-08T03:54:14","guid":{"rendered":"http:\/\/digicop.designervily.com\/demo1\/?page_id=13061"},"modified":"2021-11-22T12:43:28","modified_gmt":"2021-11-22T11:43:28","slug":"faq","status":"publish","type":"page","link":"https:\/\/universitebazo.ml\/?page_id=47","title":{"rendered":"FAQ"},"content":{"rendered":"\t\t<div data-elementor-type=\"wp-page\" data-elementor-id=\"47\" class=\"elementor elementor-47\">\n\t\t\t\t\t\t\t\t\t<section class=\"elementor-section elementor-top-section elementor-element elementor-element-de76432 dsvy-col-stretched-none dsvy-bg-color-over-image elementor-section-boxed elementor-section-height-default elementor-section-height-default\" data-id=\"de76432\" data-element_type=\"section\">\n\t\t\t\t\t\t<div class=\"elementor-container elementor-column-gap-no\">\n\t\t\t\t\t<div class=\"elementor-column elementor-col-100 elementor-top-column elementor-element elementor-element-f4d748f dsvy-bg-color-over-image\" data-id=\"f4d748f\" data-element_type=\"column\">\n\t\t\t<div class=\"elementor-widget-wrap elementor-element-populated\">\n\t\t\t\t\t\t\t\t<div class=\"elementor-element elementor-element-3367036 dsvy-align-center elementor-widget elementor-widget-dsvy_heading\" data-id=\"3367036\" data-element_type=\"widget\" data-widget_type=\"dsvy_heading.default\">\n\t\t\t\t<div class=\"elementor-widget-container\">\n\t\t\t\t<div class=\"dsvy-heading-subheading center-align dsvy-reverse-heading-yes\"><h4 class=\"dsvy-element-subtitle\">\r\n\t\t\t\r\n\t\t\t\tRequ\u00eates courantes\r\n\t\t\t\r\n\t\t\t<\/h4>\r\n\t\t<h2 class=\"dsvy-element-title\">\r\n\t\t\t\r\n\t\t\t\tQuestions fr\u00e9quemment pos\u00e9es\r\n\t\t\t\r\n\t\t\t<\/h2>\r\n\t\t<div class=\"dsvy-heading-desc\">Vous trouverez des r\u00e9ponses sur nos techniques d'enseignement et nos services de sp\u00e9cialistes et plus encore. N'h\u00e9sitez pas \u00e0 nous contacter si vous n'obtenez pas la r\u00e9ponse \u00e0 votre question ci-dessous.<\/div><\/div>\t\t<\/div>\n\t\t\t\t<\/div>\n\t\t\t\t<section class=\"elementor-section elementor-inner-section elementor-element elementor-element-25ee50c dsvy-col-stretched-none dsvy-bg-color-over-image elementor-section-boxed elementor-section-height-default elementor-section-height-default\" data-id=\"25ee50c\" data-element_type=\"section\">\n\t\t\t\t\t\t<div class=\"elementor-container elementor-column-gap-no\">\n\t\t\t\t\t<div class=\"elementor-column elementor-col-50 elementor-inner-column elementor-element elementor-element-6290d2e dsvy-bg-color-over-image\" data-id=\"6290d2e\" data-element_type=\"column\">\n\t\t\t<div class=\"elementor-widget-wrap elementor-element-populated\">\n\t\t\t\t\t\t\t\t<div class=\"elementor-element elementor-element-7161794 dsvy-accordion-style1 elementor-widget elementor-widget-accordion\" data-id=\"7161794\" data-element_type=\"widget\" data-widget_type=\"accordion.default\">\n\t\t\t\t<div class=\"elementor-widget-container\">\n\t\t\t\t\t<div class=\"elementor-accordion\" role=\"tablist\">\n\t\t\t\t\t\t\t<div class=\"elementor-accordion-item\">\n\t\t\t\t\t<h6 id=\"elementor-tab-title-1181\" class=\"elementor-tab-title\" data-tab=\"1\" role=\"tab\" aria-controls=\"elementor-tab-content-1181\" aria-expanded=\"false\">\n\t\t\t\t\t\t\t\t\t\t\t\t\t<span class=\"elementor-accordion-icon elementor-accordion-icon-right\" aria-hidden=\"true\">\n\t\t\t\t\t\t\t\t\t\t\t\t\t\t\t<span class=\"elementor-accordion-icon-closed\"><i class=\"fas fa-plus\"><\/i><\/span>\n\t\t\t\t\t\t\t\t<span class=\"elementor-accordion-icon-opened\"><i class=\"fas fa-minus\"><\/i><\/span>\n\t\t\t\t\t\t\t\t\t\t\t\t\t\t<\/span>\n\t\t\t\t\t\t\t\t\t\t\t\t<a class=\"elementor-accordion-title\" href=\"\">01. QU'EST-CE QU'UNE ALIMENTATION SAINE?<\/a>\n\t\t\t\t\t<\/h6>\n\t\t\t\t\t<div id=\"elementor-tab-content-1181\" class=\"elementor-tab-content elementor-clearfix\" data-tab=\"1\" role=\"tabpanel\" aria-labelledby=\"elementor-tab-title-1181\"><p>Une Alimentation saine est une pratique alimentaire qui permet de maintenir ou d\u2019am\u00e9liorer sa sant\u00e9 en g\u00e9n\u00e9rale. Elle fournit \u00e0 l\u2019organisme des nutriments essentiels: Glucides, Acides Amin\u00e9s essentiels des prot\u00e9ines, Calories.<\/p><\/div>\n\t\t\t\t<\/div>\n\t\t\t\t\t\t\t<div class=\"elementor-accordion-item\">\n\t\t\t\t\t<h6 id=\"elementor-tab-title-1182\" class=\"elementor-tab-title\" data-tab=\"2\" role=\"tab\" aria-controls=\"elementor-tab-content-1182\" aria-expanded=\"false\">\n\t\t\t\t\t\t\t\t\t\t\t\t\t<span class=\"elementor-accordion-icon elementor-accordion-icon-right\" aria-hidden=\"true\">\n\t\t\t\t\t\t\t\t\t\t\t\t\t\t\t<span class=\"elementor-accordion-icon-closed\"><i class=\"fas fa-plus\"><\/i><\/span>\n\t\t\t\t\t\t\t\t<span class=\"elementor-accordion-icon-opened\"><i class=\"fas fa-minus\"><\/i><\/span>\n\t\t\t\t\t\t\t\t\t\t\t\t\t\t<\/span>\n\t\t\t\t\t\t\t\t\t\t\t\t<a class=\"elementor-accordion-title\" href=\"\"> 02. <\/a>\n\t\t\t\t\t<\/h6>\n\t\t\t\t\t<div id=\"elementor-tab-content-1182\" class=\"elementor-tab-content elementor-clearfix\" data-tab=\"2\" role=\"tabpanel\" aria-labelledby=\"elementor-tab-title-1182\"><\/div>\n\t\t\t\t<\/div>\n\t\t\t\t\t\t\t<div class=\"elementor-accordion-item\">\n\t\t\t\t\t<h6 id=\"elementor-tab-title-1183\" class=\"elementor-tab-title\" data-tab=\"3\" role=\"tab\" aria-controls=\"elementor-tab-content-1183\" aria-expanded=\"false\">\n\t\t\t\t\t\t\t\t\t\t\t\t\t<span class=\"elementor-accordion-icon elementor-accordion-icon-right\" aria-hidden=\"true\">\n\t\t\t\t\t\t\t\t\t\t\t\t\t\t\t<span class=\"elementor-accordion-icon-closed\"><i class=\"fas fa-plus\"><\/i><\/span>\n\t\t\t\t\t\t\t\t<span class=\"elementor-accordion-icon-opened\"><i class=\"fas fa-minus\"><\/i><\/span>\n\t\t\t\t\t\t\t\t\t\t\t\t\t\t<\/span>\n\t\t\t\t\t\t\t\t\t\t\t\t<a class=\"elementor-accordion-title\" href=\"\">03. <\/a>\n\t\t\t\t\t<\/h6>\n\t\t\t\t\t<div id=\"elementor-tab-content-1183\" class=\"elementor-tab-content elementor-clearfix\" data-tab=\"3\" role=\"tabpanel\" aria-labelledby=\"elementor-tab-title-1183\"><\/div>\n\t\t\t\t<\/div>\n\t\t\t\t\t\t\t\t<\/div>\n\t\t\t\t<\/div>\n\t\t\t\t<\/div>\n\t\t\t\t\t<\/div>\n\t\t<\/div>\n\t\t\t\t<div class=\"elementor-column elementor-col-50 elementor-inner-column elementor-element elementor-element-ed37575 dsvy-bg-color-over-image\" data-id=\"ed37575\" data-element_type=\"column\">\n\t\t\t<div class=\"elementor-widget-wrap elementor-element-populated\">\n\t\t\t\t\t\t\t\t<div class=\"elementor-element elementor-element-218ddcc dsvy-accordion-style1 elementor-widget elementor-widget-accordion\" data-id=\"218ddcc\" data-element_type=\"widget\" data-widget_type=\"accordion.default\">\n\t\t\t\t<div class=\"elementor-widget-container\">\n\t\t\t\t\t<div class=\"elementor-accordion\" role=\"tablist\">\n\t\t\t\t\t\t\t<div class=\"elementor-accordion-item\">\n\t\t\t\t\t<h6 id=\"elementor-tab-title-3511\" class=\"elementor-tab-title\" data-tab=\"1\" role=\"tab\" aria-controls=\"elementor-tab-content-3511\" aria-expanded=\"false\">\n\t\t\t\t\t\t\t\t\t\t\t\t\t<span class=\"elementor-accordion-icon elementor-accordion-icon-right\" aria-hidden=\"true\">\n\t\t\t\t\t\t\t\t\t\t\t\t\t\t\t<span class=\"elementor-accordion-icon-closed\"><i class=\"fas fa-plus\"><\/i><\/span>\n\t\t\t\t\t\t\t\t<span class=\"elementor-accordion-icon-opened\"><i class=\"fas fa-minus\"><\/i><\/span>\n\t\t\t\t\t\t\t\t\t\t\t\t\t\t<\/span>\n\t\t\t\t\t\t\t\t\t\t\t\t<a class=\"elementor-accordion-title\" href=\"\"> 04. <\/a>\n\t\t\t\t\t<\/h6>\n\t\t\t\t\t<div id=\"elementor-tab-content-3511\" class=\"elementor-tab-content elementor-clearfix\" data-tab=\"1\" role=\"tabpanel\" aria-labelledby=\"elementor-tab-title-3511\"><\/div>\n\t\t\t\t<\/div>\n\t\t\t\t\t\t\t<div class=\"elementor-accordion-item\">\n\t\t\t\t\t<h6 id=\"elementor-tab-title-3512\" class=\"elementor-tab-title\" data-tab=\"2\" role=\"tab\" aria-controls=\"elementor-tab-content-3512\" aria-expanded=\"false\">\n\t\t\t\t\t\t\t\t\t\t\t\t\t<span class=\"elementor-accordion-icon elementor-accordion-icon-right\" aria-hidden=\"true\">\n\t\t\t\t\t\t\t\t\t\t\t\t\t\t\t<span class=\"elementor-accordion-icon-closed\"><i class=\"fas fa-plus\"><\/i><\/span>\n\t\t\t\t\t\t\t\t<span class=\"elementor-accordion-icon-opened\"><i class=\"fas fa-minus\"><\/i><\/span>\n\t\t\t\t\t\t\t\t\t\t\t\t\t\t<\/span>\n\t\t\t\t\t\t\t\t\t\t\t\t<a class=\"elementor-accordion-title\" href=\"\"> 05.<\/a>\n\t\t\t\t\t<\/h6>\n\t\t\t\t\t<div id=\"elementor-tab-content-3512\" class=\"elementor-tab-content elementor-clearfix\" data-tab=\"2\" role=\"tabpanel\" aria-labelledby=\"elementor-tab-title-3512\"><\/div>\n\t\t\t\t<\/div>\n\t\t\t\t\t\t\t<div class=\"elementor-accordion-item\">\n\t\t\t\t\t<h6 id=\"elementor-tab-title-3513\" class=\"elementor-tab-title\" data-tab=\"3\" role=\"tab\" aria-controls=\"elementor-tab-content-3513\" aria-expanded=\"false\">\n\t\t\t\t\t\t\t\t\t\t\t\t\t<span class=\"elementor-accordion-icon elementor-accordion-icon-right\" aria-hidden=\"true\">\n\t\t\t\t\t\t\t\t\t\t\t\t\t\t\t<span class=\"elementor-accordion-icon-closed\"><i class=\"fas fa-plus\"><\/i><\/span>\n\t\t\t\t\t\t\t\t<span class=\"elementor-accordion-icon-opened\"><i class=\"fas fa-minus\"><\/i><\/span>\n\t\t\t\t\t\t\t\t\t\t\t\t\t\t<\/span>\n\t\t\t\t\t\t\t\t\t\t\t\t<a class=\"elementor-accordion-title\" href=\"\">06.<\/a>\n\t\t\t\t\t<\/h6>\n\t\t\t\t\t<div id=\"elementor-tab-content-3513\" class=\"elementor-tab-content elementor-clearfix\" data-tab=\"3\" role=\"tabpanel\" aria-labelledby=\"elementor-tab-title-3513\"><\/div>\n\t\t\t\t<\/div>\n\t\t\t\t\t\t\t\t<\/div>\n\t\t\t\t<\/div>\n\t\t\t\t<\/div>\n\t\t\t\t\t<\/div>\n\t\t<\/div>\n\t\t\t\t\t\t\t<\/div>\n\t\t<\/section>\n\t\t\t\t\t<\/div>\n\t\t<\/div>\n\t\t\t\t\t\t\t<\/div>\n\t\t<\/section>\n\t\t\t\t\t\t\t<\/div>\n\t\t","protected":false},"excerpt":{"rendered":"<p>Requ\u00eates courantes Questions fr\u00e9quemment pos\u00e9es Vous trouverez des r\u00e9ponses sur nos techniques d&rsquo;enseignement et nos services de sp\u00e9cialistes et plus encore. N&rsquo;h\u00e9sitez pas \u00e0 nous contacter si vous n&rsquo;obtenez pas la r\u00e9ponse \u00e0 votre question ci-dessous. 01. QU&rsquo;EST-CE QU&rsquo;UNE ALIMENTATION SAINE? Une Alimentation saine est une pratique alimentaire qui permet de maintenir ou d\u2019am\u00e9liorer sa sant\u00e9 en g\u00e9n\u00e9rale. Elle fournit \u00e0 l\u2019organisme des nutriments essentiels: Glucides, Acides Amin\u00e9s essentiels des[&hellip;]<\/p>\n","protected":false},"author":1,"featured_media":0,"parent":0,"menu_order":9,"comment_status":"closed","ping_status":"closed","template":"","meta":{"_acf_changed":false,"footnotes":""},"class_list":["post-47","page","type-page","status-publish","hentry"],"acf":[],"yoast_head":"<!-- This site is optimized with the Yoast SEO Premium plugin v24.9 (Yoast SEO v24.9) - https:\/\/yoast.com\/wordpress\/plugins\/seo\/ -->\n<title>FAQ - Universit\u00e9 Bazo<\/title>\n<meta name=\"description\" content=\"FAQ Universit\u00e9 Bazo %\" \/>\n<meta name=\"robots\" content=\"index, follow, max-snippet:-1, max-image-preview:large, max-video-preview:-1\" \/>\n<link rel=\"canonical\" href=\"https:\/\/universitebazo.ml\/?page_id=47\" \/>\n<meta property=\"og:locale\" content=\"fr_FR\" \/>\n<meta property=\"og:type\" content=\"article\" \/>\n<meta property=\"og:title\" content=\"FAQ -\" \/>\n<meta property=\"og:description\" content=\"Universit\u00e9 Bazo\" \/>\n<meta property=\"og:url\" content=\"https:\/\/universitebazo.ml\/?page_id=47\" \/>\n<meta property=\"og:site_name\" content=\"Universit\u00e9 Bazo\" \/>\n<meta property=\"article:publisher\" content=\"https:\/\/www.facebook.com\/profile.php?id=100065028062720\" \/>\n<meta property=\"article:modified_time\" content=\"2021-11-22T11:43:28+00:00\" \/>\n<meta property=\"og:image\" content=\"https:\/\/universitebazo.ml\/wp-content\/uploads\/2021\/10\/00441eff-487d-4a24-9609-ee444124cdd6.jpg\" \/>\n\t<meta property=\"og:image:width\" content=\"1024\" \/>\n\t<meta property=\"og:image:height\" content=\"555\" \/>\n\t<meta property=\"og:image:type\" content=\"image\/jpeg\" \/>\n<meta name=\"twitter:card\" content=\"summary_large_image\" \/>\n<script type=\"application\/ld+json\" class=\"yoast-schema-graph\">{\"@context\":\"https:\/\/schema.org\",\"@graph\":[{\"@type\":\"ScholarlyArticle\",\"@id\":\"https:\/\/universitebazo.ml\/?page_id=47#article\",\"isPartOf\":{\"@id\":\"https:\/\/universitebazo.ml\/?page_id=47\"},\"author\":{\"name\":\"BAZO Webmaster\",\"@id\":\"https:\/\/universitebazo.ml\/#\/schema\/person\/d42cd460ee23c15d4b91ddc9728b28f4\"},\"headline\":\"FAQ\",\"datePublished\":\"2020-06-08T03:54:14+00:00\",\"dateModified\":\"2021-11-22T11:43:28+00:00\",\"mainEntityOfPage\":{\"@id\":\"https:\/\/universitebazo.ml\/?page_id=47\"},\"wordCount\":83,\"publisher\":{\"@id\":\"https:\/\/universitebazo.ml\/#organization\"},\"inLanguage\":\"fr-FR\"},{\"@type\":\"WebPage\",\"@id\":\"https:\/\/universitebazo.ml\/?page_id=47\",\"url\":\"https:\/\/universitebazo.ml\/?page_id=47\",\"name\":\"FAQ - Universit\u00e9 Bazo\",\"isPartOf\":{\"@id\":\"https:\/\/universitebazo.ml\/#website\"},\"datePublished\":\"2020-06-08T03:54:14+00:00\",\"dateModified\":\"2021-11-22T11:43:28+00:00\",\"description\":\"FAQ Universit\u00e9 Bazo %\",\"breadcrumb\":{\"@id\":\"https:\/\/universitebazo.ml\/?page_id=47#breadcrumb\"},\"inLanguage\":\"fr-FR\",\"potentialAction\":[{\"@type\":\"ReadAction\",\"target\":[\"https:\/\/universitebazo.ml\/?page_id=47\"]}]},{\"@type\":\"BreadcrumbList\",\"@id\":\"https:\/\/universitebazo.ml\/?page_id=47#breadcrumb\",\"itemListElement\":[{\"@type\":\"ListItem\",\"position\":1,\"name\":\"Accueil\",\"item\":\"https:\/\/universitebazo.ml\/\"},{\"@type\":\"ListItem\",\"position\":2,\"name\":\"FAQ\"}]},{\"@type\":\"WebSite\",\"@id\":\"https:\/\/universitebazo.ml\/#website\",\"url\":\"https:\/\/universitebazo.ml\/\",\"name\":\"Universitebazo.com\",\"description\":\"La performance par l&#039;excellence\",\"publisher\":{\"@id\":\"https:\/\/universitebazo.ml\/#organization\"},\"alternateName\":\"Bazo universit\u00e9\",\"potentialAction\":[{\"@type\":\"SearchAction\",\"target\":{\"@type\":\"EntryPoint\",\"urlTemplate\":\"https:\/\/universitebazo.ml\/?s={search_term_string}\"},\"query-input\":{\"@type\":\"PropertyValueSpecification\",\"valueRequired\":true,\"valueName\":\"search_term_string\"}}],\"inLanguage\":\"fr-FR\"},{\"@type\":\"Organization\",\"@id\":\"https:\/\/universitebazo.ml\/#organization\",\"name\":\"Universit\u00e9 Bazo\",\"alternateName\":\"Bazo Universit\u00e9\",\"url\":\"https:\/\/universitebazo.ml\/\",\"logo\":{\"@type\":\"ImageObject\",\"inLanguage\":\"fr-FR\",\"@id\":\"https:\/\/universitebazo.ml\/#\/schema\/logo\/image\/\",\"url\":\"https:\/\/universitebazo.ml\/wp-content\/uploads\/2021\/10\/00441eff-487d-4a24-9609-ee444124cdd6.jpg\",\"contentUrl\":\"https:\/\/universitebazo.ml\/wp-content\/uploads\/2021\/10\/00441eff-487d-4a24-9609-ee444124cdd6.jpg\",\"width\":1024,\"height\":555,\"caption\":\"Universit\u00e9 Bazo\"},\"image\":{\"@id\":\"https:\/\/universitebazo.ml\/#\/schema\/logo\/image\/\"},\"sameAs\":[\"https:\/\/www.facebook.com\/profile.php?id=100065028062720\"],\"description\":\"Favoriser l\u2019autonomisation et le perfectionnement de l\u2019\u00e9lite\",\"email\":\"contact@universitebazo.com\",\"telephone\":\"+223 77 77 76 73\",\"legalName\":\"Universit\u00e9 Bazo\",\"publishingPrinciples\":\"https:\/\/universitebazo.ml\/\",\"ownershipFundingInfo\":\"https:\/\/universitebazo.ml\/\"},{\"@type\":\"Person\",\"@id\":\"https:\/\/universitebazo.ml\/#\/schema\/person\/d42cd460ee23c15d4b91ddc9728b28f4\",\"name\":\"BAZO Webmaster\",\"image\":{\"@type\":\"ImageObject\",\"inLanguage\":\"fr-FR\",\"@id\":\"https:\/\/universitebazo.ml\/#\/schema\/person\/image\/\",\"url\":\"https:\/\/secure.gravatar.com\/avatar\/14a2137cdabf9de5a96df173d147f8789b7c5366b1f3a30174065cc7ce8790b9?s=96&d=mm&r=g\",\"contentUrl\":\"https:\/\/secure.gravatar.com\/avatar\/14a2137cdabf9de5a96df173d147f8789b7c5366b1f3a30174065cc7ce8790b9?s=96&d=mm&r=g\",\"caption\":\"BAZO Webmaster\"},\"sameAs\":[\"https:\/\/universitebazo.ml\"],\"url\":\"https:\/\/universitebazo.ml\/?author=1\"}]}<\/script>\n<!-- \/ Yoast SEO Premium plugin. -->","yoast_head_json":{"title":"FAQ - Universit\u00e9 Bazo","description":"FAQ Universit\u00e9 Bazo %","robots":{"index":"index","follow":"follow","max-snippet":"max-snippet:-1","max-image-preview":"max-image-preview:large","max-video-preview":"max-video-preview:-1"},"canonical":"https:\/\/universitebazo.ml\/?page_id=47","og_locale":"fr_FR","og_type":"article","og_title":"FAQ -","og_description":"Universit\u00e9 Bazo","og_url":"https:\/\/universitebazo.ml\/?page_id=47","og_site_name":"Universit\u00e9 Bazo","article_publisher":"https:\/\/www.facebook.com\/profile.php?id=100065028062720","article_modified_time":"2021-11-22T11:43:28+00:00","og_image":[{"width":1024,"height":555,"url":"https:\/\/universitebazo.ml\/wp-content\/uploads\/2021\/10\/00441eff-487d-4a24-9609-ee444124cdd6.jpg","type":"image\/jpeg"}],"twitter_card":"summary_large_image","schema":{"@context":"https:\/\/schema.org","@graph":[{"@type":"ScholarlyArticle","@id":"https:\/\/universitebazo.ml\/?page_id=47#article","isPartOf":{"@id":"https:\/\/universitebazo.ml\/?page_id=47"},"author":{"name":"BAZO Webmaster","@id":"https:\/\/universitebazo.ml\/#\/schema\/person\/d42cd460ee23c15d4b91ddc9728b28f4"},"headline":"FAQ","datePublished":"2020-06-08T03:54:14+00:00","dateModified":"2021-11-22T11:43:28+00:00","mainEntityOfPage":{"@id":"https:\/\/universitebazo.ml\/?page_id=47"},"wordCount":83,"publisher":{"@id":"https:\/\/universitebazo.ml\/#organization"},"inLanguage":"fr-FR"},{"@type":"WebPage","@id":"https:\/\/universitebazo.ml\/?page_id=47","url":"https:\/\/universitebazo.ml\/?page_id=47","name":"FAQ - Universit\u00e9 Bazo","isPartOf":{"@id":"https:\/\/universitebazo.ml\/#website"},"datePublished":"2020-06-08T03:54:14+00:00","dateModified":"2021-11-22T11:43:28+00:00","description":"FAQ Universit\u00e9 Bazo %","breadcrumb":{"@id":"https:\/\/universitebazo.ml\/?page_id=47#breadcrumb"},"inLanguage":"fr-FR","potentialAction":[{"@type":"ReadAction","target":["https:\/\/universitebazo.ml\/?page_id=47"]}]},{"@type":"BreadcrumbList","@id":"https:\/\/universitebazo.ml\/?page_id=47#breadcrumb","itemListElement":[{"@type":"ListItem","position":1,"name":"Accueil","item":"https:\/\/universitebazo.ml\/"},{"@type":"ListItem","position":2,"name":"FAQ"}]},{"@type":"WebSite","@id":"https:\/\/universitebazo.ml\/#website","url":"https:\/\/universitebazo.ml\/","name":"Universitebazo.com","description":"La performance par l&#039;excellence","publisher":{"@id":"https:\/\/universitebazo.ml\/#organization"},"alternateName":"Bazo universit\u00e9","potentialAction":[{"@type":"SearchAction","target":{"@type":"EntryPoint","urlTemplate":"https:\/\/universitebazo.ml\/?s={search_term_string}"},"query-input":{"@type":"PropertyValueSpecification","valueRequired":true,"valueName":"search_term_string"}}],"inLanguage":"fr-FR"},{"@type":"Organization","@id":"https:\/\/universitebazo.ml\/#organization","name":"Universit\u00e9 Bazo","alternateName":"Bazo Universit\u00e9","url":"https:\/\/universitebazo.ml\/","logo":{"@type":"ImageObject","inLanguage":"fr-FR","@id":"https:\/\/universitebazo.ml\/#\/schema\/logo\/image\/","url":"https:\/\/universitebazo.ml\/wp-content\/uploads\/2021\/10\/00441eff-487d-4a24-9609-ee444124cdd6.jpg","contentUrl":"https:\/\/universitebazo.ml\/wp-content\/uploads\/2021\/10\/00441eff-487d-4a24-9609-ee444124cdd6.jpg","width":1024,"height":555,"caption":"Universit\u00e9 Bazo"},"image":{"@id":"https:\/\/universitebazo.ml\/#\/schema\/logo\/image\/"},"sameAs":["https:\/\/www.facebook.com\/profile.php?id=100065028062720"],"description":"Favoriser l\u2019autonomisation et le perfectionnement de l\u2019\u00e9lite","email":"contact@universitebazo.com","telephone":"+223 77 77 76 73","legalName":"Universit\u00e9 Bazo","publishingPrinciples":"https:\/\/universitebazo.ml\/","ownershipFundingInfo":"https:\/\/universitebazo.ml\/"},{"@type":"Person","@id":"https:\/\/universitebazo.ml\/#\/schema\/person\/d42cd460ee23c15d4b91ddc9728b28f4","name":"BAZO Webmaster","image":{"@type":"ImageObject","inLanguage":"fr-FR","@id":"https:\/\/universitebazo.ml\/#\/schema\/person\/image\/","url":"https:\/\/secure.gravatar.com\/avatar\/14a2137cdabf9de5a96df173d147f8789b7c5366b1f3a30174065cc7ce8790b9?s=96&d=mm&r=g","contentUrl":"https:\/\/secure.gravatar.com\/avatar\/14a2137cdabf9de5a96df173d147f8789b7c5366b1f3a30174065cc7ce8790b9?s=96&d=mm&r=g","caption":"BAZO Webmaster"},"sameAs":["https:\/\/universitebazo.ml"],"url":"https:\/\/universitebazo.ml\/?author=1"}]}},"_links":{"self":[{"href":"https:\/\/universitebazo.ml\/index.php?rest_route=\/wp\/v2\/pages\/47","targetHints":{"allow":["GET"]}}],"collection":[{"href":"https:\/\/universitebazo.ml\/index.php?rest_route=\/wp\/v2\/pages"}],"about":[{"href":"https:\/\/universitebazo.ml\/index.php?rest_route=\/wp\/v2\/types\/page"}],"author":[{"embeddable":true,"href":"https:\/\/universitebazo.ml\/index.php?rest_route=\/wp\/v2\/users\/1"}],"replies":[{"embeddable":true,"href":"https:\/\/universitebazo.ml\/index.php?rest_route=%2Fwp%2Fv2%2Fcomments&post=47"}],"version-history":[{"count":11,"href":"https:\/\/universitebazo.ml\/index.php?rest_route=\/wp\/v2\/pages\/47\/revisions"}],"predecessor-version":[{"id":1010,"href":"https:\/\/universitebazo.ml\/index.php?rest_route=\/wp\/v2\/pages\/47\/revisions\/1010"}],"wp:attachment":[{"href":"https:\/\/universitebazo.ml\/index.php?rest_route=%2Fwp%2Fv2%2Fmedia&parent=47"}],"curies":[{"name":"wp","href":"https:\/\/api.w.org\/{rel}","templated":true}]}}