{"id":42,"date":"2020-11-13T10:39:47","date_gmt":"2020-11-13T09:39:47","guid":{"rendered":"http:\/\/lyfpro.designervily.com\/demo1\/?page_id=15179"},"modified":"2025-04-24T12:26:33","modified_gmt":"2025-04-24T12:26:33","slug":"nos-facultes","status":"publish","type":"page","link":"https:\/\/universitebazo.ml\/?page_id=42","title":{"rendered":"Nos Facult\u00e9s"},"content":{"rendered":"\t\t<div data-elementor-type=\"wp-page\" data-elementor-id=\"42\" class=\"elementor elementor-42\">\n\t\t\t\t\t\t\t\t\t<section class=\"elementor-section elementor-top-section elementor-element elementor-element-6a0b4cf dsvy-col-stretched-none dsvy-bg-color-over-image elementor-section-boxed elementor-section-height-default elementor-section-height-default\" data-id=\"6a0b4cf\" data-element_type=\"section\">\n\t\t\t\t\t\t<div class=\"elementor-container elementor-column-gap-no\">\n\t\t\t\t\t<div class=\"elementor-column elementor-col-100 elementor-top-column elementor-element elementor-element-bbcc459 dsvy-bg-color-over-image\" data-id=\"bbcc459\" data-element_type=\"column\">\n\t\t\t<div class=\"elementor-widget-wrap elementor-element-populated\">\n\t\t\t\t\t\t\t\t<div class=\"elementor-element elementor-element-0f1075b elementor-widget elementor-widget-dsvy_service_element\" data-id=\"0f1075b\" data-element_type=\"widget\" data-widget_type=\"dsvy_service_element.default\">\n\t\t\t\t<div class=\"elementor-widget-container\">\n\t\t\t\r\n\t\t<div class=\"designervily-element designervily-element-service dsvy-element-service-style-3 designervily-element-viewtype-row-column designervily-gap-30px\" data-show=\"9\" data-columns=\"3\" data-loop=\"false\" data-autoplay=\"false\" data-center=\"false\" data-nav=\"false\" data-dots=\"false\" data-autoplayspeed=\"1000\" data-margin=\"30px\"><div class=\"designervily-element-inner\">\r\n\t\t\r\n\t\t\t<div class=\"dsvy-ele-header-area\">\r\n\t\t\t\t\t<div class=\"dsvy-heading-subheading left-align \"><\/div>\r\n\t\t\t\t\r\n\t\t\t<\/div>\r\n\r\n\t\t\t<div class=\"dsvy-element-posts-wrapper row multi-columns-row\">\r\n\r\n\t\t\t<article class=\"dsvy-ele dsvy-ele-service dsvy-service-style-3 col-md-4 environnement  \"><div class=\"designervily-post-item\">\r\n\t<div class=\"dsvy-featured-wrapper\"><a href=\"https:\/\/universitebazo.ml\/?dsvy-service=sciences-techniques-environnementales\"><img loading=\"lazy\" decoding=\"async\" width=\"600\" height=\"700\" src=\"https:\/\/universitebazo.ml\/wp-content\/uploads\/2021\/11\/074890f6-2343-4b58-86c1-a1fba719723a-600x700.jpg\" class=\"attachment-dsvy-img-600x700 size-dsvy-img-600x700 wp-post-image\" alt=\"\" \/><\/a><\/div>\t\r\n\t<div class=\"designervily-box-content\"> \r\n\t\t<div class=\"designervily-box-content-inner\">\r\n\t\t\t<div class=\"dsvy-service-cat\"><a href=\"https:\/\/universitebazo.ml\/?dsvy-service-category=environnement\" rel=\"tag\">Environnement<\/a><\/div>\r\n\t\t\t<h3 class=\"dsvy-service-title\"><a href=\"https:\/\/universitebazo.ml\/?dsvy-service=sciences-techniques-environnementales\">Facult\u00e9 des Sciences Techniques et Environnementales<\/a><\/h3> \r\n\t\t<\/div>\r\n\t<\/div>\r\n<\/div>\r\n<\/article><article class=\"dsvy-ele dsvy-ele-service dsvy-service-style-3 col-md-4 economie  \"><div class=\"designervily-post-item\">\r\n\t<div class=\"dsvy-featured-wrapper\"><a href=\"https:\/\/universitebazo.ml\/?dsvy-service=sciences-economiques-gestion\"><img loading=\"lazy\" decoding=\"async\" width=\"600\" height=\"700\" src=\"https:\/\/universitebazo.ml\/wp-content\/uploads\/2021\/11\/culture-600x700.jpg\" class=\"attachment-dsvy-img-600x700 size-dsvy-img-600x700 wp-post-image\" alt=\"\" \/><\/a><\/div>\t\r\n\t<div class=\"designervily-box-content\"> \r\n\t\t<div class=\"designervily-box-content-inner\">\r\n\t\t\t<div class=\"dsvy-service-cat\"><a href=\"https:\/\/universitebazo.ml\/?dsvy-service-category=economie\" rel=\"tag\">Economie<\/a><\/div>\r\n\t\t\t<h3 class=\"dsvy-service-title\"><a href=\"https:\/\/universitebazo.ml\/?dsvy-service=sciences-economiques-gestion\">Facult\u00e9 des Sciences Economiques et de Gestion<\/a><\/h3> \r\n\t\t<\/div>\r\n\t<\/div>\r\n<\/div>\r\n<\/article><article class=\"dsvy-ele dsvy-ele-service dsvy-service-style-3 col-md-4 sante  \"><div class=\"designervily-post-item\">\r\n\t<div class=\"dsvy-featured-wrapper\"><a href=\"https:\/\/universitebazo.ml\/?dsvy-service=sciences-sante\"><img loading=\"lazy\" decoding=\"async\" width=\"600\" height=\"700\" src=\"https:\/\/universitebazo.ml\/wp-content\/uploads\/2021\/10\/closeup-shot-boy-getting-checkup-by-doctor-600x700.jpg\" class=\"attachment-dsvy-img-600x700 size-dsvy-img-600x700 wp-post-image\" alt=\"\" \/><\/a><\/div>\t\r\n\t<div class=\"designervily-box-content\"> \r\n\t\t<div class=\"designervily-box-content-inner\">\r\n\t\t\t<div class=\"dsvy-service-cat\"><a href=\"https:\/\/universitebazo.ml\/?dsvy-service-category=sante\" rel=\"tag\">Sant\u00e9<\/a><\/div>\r\n\t\t\t<h3 class=\"dsvy-service-title\"><a href=\"https:\/\/universitebazo.ml\/?dsvy-service=sciences-sante\">Facult\u00e9 des Sciences de la Sant\u00e9<\/a><\/h3> \r\n\t\t<\/div>\r\n\t<\/div>\r\n<\/div>\r\n<\/article><article class=\"dsvy-ele dsvy-ele-service dsvy-service-style-3 col-md-4 environnement  \"><div class=\"designervily-post-item\">\r\n\t<div class=\"dsvy-featured-wrapper\"><a href=\"https:\/\/universitebazo.ml\/?dsvy-service=communication-droit-politiques\"><img loading=\"lazy\" decoding=\"async\" width=\"600\" height=\"700\" src=\"https:\/\/universitebazo.ml\/wp-content\/uploads\/2021\/11\/IMG_0289-600x700.jpg\" class=\"attachment-dsvy-img-600x700 size-dsvy-img-600x700 wp-post-image\" alt=\"\" \/><\/a><\/div>\t\r\n\t<div class=\"designervily-box-content\"> \r\n\t\t<div class=\"designervily-box-content-inner\">\r\n\t\t\t<div class=\"dsvy-service-cat\"><a href=\"https:\/\/universitebazo.ml\/?dsvy-service-category=environnement\" rel=\"tag\">Environnement<\/a><\/div>\r\n\t\t\t<h3 class=\"dsvy-service-title\"><a href=\"https:\/\/universitebazo.ml\/?dsvy-service=communication-droit-politiques\">Facult\u00e9 des Sciences Juridiques, Politiques et Sociales<\/a><\/h3> \r\n\t\t<\/div>\r\n\t<\/div>\r\n<\/div>\r\n<\/article>\r\n\t\t\t<\/div>\r\n\r\n\t\t\t\r\n\t\t\r\n\t\t<\/div><!-- .designervily-element-inner -->   <\/div><!-- .designervily-element -->  \r\n\t    \t\t<\/div>\n\t\t\t\t<\/div>\n\t\t\t\t\t<\/div>\n\t\t<\/div>\n\t\t\t\t\t\t\t<\/div>\n\t\t<\/section>\n\t\t\t\t\t\t\t<\/div>\n\t\t","protected":false},"excerpt":{"rendered":"<p>Leadership Business Planning Consultancy Careers Coaching Corporative Problems Solving Educative Interview Coaching Motivation Creative Leadership Corporative Career Transition Leadership Career Consultancy Coaching Motivation Theories Educative Improved Motivation<\/p>\n","protected":false},"author":1,"featured_media":0,"parent":0,"menu_order":10,"comment_status":"closed","ping_status":"closed","template":"","meta":{"_acf_changed":false,"footnotes":""},"class_list":["post-42","page","type-page","status-publish","hentry"],"acf":[],"yoast_head":"<!-- This site is optimized with the Yoast SEO Premium plugin v24.9 (Yoast SEO v24.9) - https:\/\/yoast.com\/wordpress\/plugins\/seo\/ -->\n<title>Nos Facult\u00e9s - Universit\u00e9 Bazo<\/title>\n<meta name=\"description\" content=\"Nos Facult\u00e9s Universit\u00e9 Bazo %\" \/>\n<meta name=\"robots\" content=\"index, follow, max-snippet:-1, max-image-preview:large, max-video-preview:-1\" \/>\n<link rel=\"canonical\" href=\"https:\/\/universitebazo.ml\/?page_id=42\" \/>\n<meta property=\"og:locale\" content=\"fr_FR\" \/>\n<meta property=\"og:type\" content=\"article\" \/>\n<meta property=\"og:title\" content=\"Nos Facult\u00e9s -\" \/>\n<meta property=\"og:description\" content=\"Universit\u00e9 Bazo\" \/>\n<meta property=\"og:url\" content=\"https:\/\/universitebazo.ml\/?page_id=42\" \/>\n<meta property=\"og:site_name\" content=\"Universit\u00e9 Bazo\" \/>\n<meta property=\"article:publisher\" content=\"https:\/\/www.facebook.com\/profile.php?id=100065028062720\" \/>\n<meta property=\"article:modified_time\" content=\"2025-04-24T12:26:33+00:00\" \/>\n<meta property=\"og:image\" content=\"http:\/\/lyfpro.designervily.com\/demo1\/wp-content\/uploads\/sites\/2\/2020\/06\/img-01-1-600x700.jpg\" \/>\n<meta name=\"twitter:card\" content=\"summary_large_image\" \/>\n<meta name=\"twitter:label1\" content=\"Dur\u00e9e de lecture estim\u00e9e\" \/>\n\t<meta name=\"twitter:data1\" content=\"2 minutes\" \/>\n<script type=\"application\/ld+json\" class=\"yoast-schema-graph\">{\"@context\":\"https:\/\/schema.org\",\"@graph\":[{\"@type\":\"ScholarlyArticle\",\"@id\":\"https:\/\/universitebazo.ml\/?page_id=42#article\",\"isPartOf\":{\"@id\":\"https:\/\/universitebazo.ml\/?page_id=42\"},\"author\":{\"name\":\"BAZO Webmaster\",\"@id\":\"https:\/\/universitebazo.ml\/#\/schema\/person\/d42cd460ee23c15d4b91ddc9728b28f4\"},\"headline\":\"Nos Facult\u00e9s\",\"datePublished\":\"2020-11-13T09:39:47+00:00\",\"dateModified\":\"2025-04-24T12:26:33+00:00\",\"mainEntityOfPage\":{\"@id\":\"https:\/\/universitebazo.ml\/?page_id=42\"},\"wordCount\":30,\"publisher\":{\"@id\":\"https:\/\/universitebazo.ml\/#organization\"},\"image\":{\"@id\":\"https:\/\/universitebazo.ml\/?page_id=42#primaryimage\"},\"thumbnailUrl\":\"http:\/\/lyfpro.designervily.com\/demo1\/wp-content\/uploads\/sites\/2\/2020\/06\/img-01-1-600x700.jpg\",\"inLanguage\":\"fr-FR\"},{\"@type\":\"WebPage\",\"@id\":\"https:\/\/universitebazo.ml\/?page_id=42\",\"url\":\"https:\/\/universitebazo.ml\/?page_id=42\",\"name\":\"Nos Facult\u00e9s - Universit\u00e9 Bazo\",\"isPartOf\":{\"@id\":\"https:\/\/universitebazo.ml\/#website\"},\"primaryImageOfPage\":{\"@id\":\"https:\/\/universitebazo.ml\/?page_id=42#primaryimage\"},\"image\":{\"@id\":\"https:\/\/universitebazo.ml\/?page_id=42#primaryimage\"},\"thumbnailUrl\":\"http:\/\/lyfpro.designervily.com\/demo1\/wp-content\/uploads\/sites\/2\/2020\/06\/img-01-1-600x700.jpg\",\"datePublished\":\"2020-11-13T09:39:47+00:00\",\"dateModified\":\"2025-04-24T12:26:33+00:00\",\"description\":\"Nos Facult\u00e9s Universit\u00e9 Bazo %\",\"breadcrumb\":{\"@id\":\"https:\/\/universitebazo.ml\/?page_id=42#breadcrumb\"},\"inLanguage\":\"fr-FR\",\"potentialAction\":[{\"@type\":\"ReadAction\",\"target\":[\"https:\/\/universitebazo.ml\/?page_id=42\"]}]},{\"@type\":\"ImageObject\",\"inLanguage\":\"fr-FR\",\"@id\":\"https:\/\/universitebazo.ml\/?page_id=42#primaryimage\",\"url\":\"http:\/\/lyfpro.designervily.com\/demo1\/wp-content\/uploads\/sites\/2\/2020\/06\/img-01-1-600x700.jpg\",\"contentUrl\":\"http:\/\/lyfpro.designervily.com\/demo1\/wp-content\/uploads\/sites\/2\/2020\/06\/img-01-1-600x700.jpg\"},{\"@type\":\"BreadcrumbList\",\"@id\":\"https:\/\/universitebazo.ml\/?page_id=42#breadcrumb\",\"itemListElement\":[{\"@type\":\"ListItem\",\"position\":1,\"name\":\"Accueil\",\"item\":\"https:\/\/universitebazo.ml\/\"},{\"@type\":\"ListItem\",\"position\":2,\"name\":\"Nos Facult\u00e9s\"}]},{\"@type\":\"WebSite\",\"@id\":\"https:\/\/universitebazo.ml\/#website\",\"url\":\"https:\/\/universitebazo.ml\/\",\"name\":\"Universitebazo.com\",\"description\":\"La performance par l&#039;excellence\",\"publisher\":{\"@id\":\"https:\/\/universitebazo.ml\/#organization\"},\"alternateName\":\"Bazo universit\u00e9\",\"potentialAction\":[{\"@type\":\"SearchAction\",\"target\":{\"@type\":\"EntryPoint\",\"urlTemplate\":\"https:\/\/universitebazo.ml\/?s={search_term_string}\"},\"query-input\":{\"@type\":\"PropertyValueSpecification\",\"valueRequired\":true,\"valueName\":\"search_term_string\"}}],\"inLanguage\":\"fr-FR\"},{\"@type\":\"Organization\",\"@id\":\"https:\/\/universitebazo.ml\/#organization\",\"name\":\"Universit\u00e9 Bazo\",\"alternateName\":\"Bazo Universit\u00e9\",\"url\":\"https:\/\/universitebazo.ml\/\",\"logo\":{\"@type\":\"ImageObject\",\"inLanguage\":\"fr-FR\",\"@id\":\"https:\/\/universitebazo.ml\/#\/schema\/logo\/image\/\",\"url\":\"https:\/\/universitebazo.ml\/wp-content\/uploads\/2021\/10\/00441eff-487d-4a24-9609-ee444124cdd6.jpg\",\"contentUrl\":\"https:\/\/universitebazo.ml\/wp-content\/uploads\/2021\/10\/00441eff-487d-4a24-9609-ee444124cdd6.jpg\",\"width\":1024,\"height\":555,\"caption\":\"Universit\u00e9 Bazo\"},\"image\":{\"@id\":\"https:\/\/universitebazo.ml\/#\/schema\/logo\/image\/\"},\"sameAs\":[\"https:\/\/www.facebook.com\/profile.php?id=100065028062720\"],\"description\":\"Favoriser l\u2019autonomisation et le perfectionnement de l\u2019\u00e9lite\",\"email\":\"contact@universitebazo.com\",\"telephone\":\"+223 77 77 76 73\",\"legalName\":\"Universit\u00e9 Bazo\",\"publishingPrinciples\":\"https:\/\/universitebazo.ml\/\",\"ownershipFundingInfo\":\"https:\/\/universitebazo.ml\/\"},{\"@type\":\"Person\",\"@id\":\"https:\/\/universitebazo.ml\/#\/schema\/person\/d42cd460ee23c15d4b91ddc9728b28f4\",\"name\":\"BAZO Webmaster\",\"image\":{\"@type\":\"ImageObject\",\"inLanguage\":\"fr-FR\",\"@id\":\"https:\/\/universitebazo.ml\/#\/schema\/person\/image\/\",\"url\":\"https:\/\/secure.gravatar.com\/avatar\/14a2137cdabf9de5a96df173d147f8789b7c5366b1f3a30174065cc7ce8790b9?s=96&d=mm&r=g\",\"contentUrl\":\"https:\/\/secure.gravatar.com\/avatar\/14a2137cdabf9de5a96df173d147f8789b7c5366b1f3a30174065cc7ce8790b9?s=96&d=mm&r=g\",\"caption\":\"BAZO Webmaster\"},\"sameAs\":[\"https:\/\/universitebazo.ml\"],\"url\":\"https:\/\/universitebazo.ml\/?author=1\"}]}<\/script>\n<!-- \/ Yoast SEO Premium plugin. -->","yoast_head_json":{"title":"Nos Facult\u00e9s - Universit\u00e9 Bazo","description":"Nos Facult\u00e9s Universit\u00e9 Bazo %","robots":{"index":"index","follow":"follow","max-snippet":"max-snippet:-1","max-image-preview":"max-image-preview:large","max-video-preview":"max-video-preview:-1"},"canonical":"https:\/\/universitebazo.ml\/?page_id=42","og_locale":"fr_FR","og_type":"article","og_title":"Nos Facult\u00e9s -","og_description":"Universit\u00e9 Bazo","og_url":"https:\/\/universitebazo.ml\/?page_id=42","og_site_name":"Universit\u00e9 Bazo","article_publisher":"https:\/\/www.facebook.com\/profile.php?id=100065028062720","article_modified_time":"2025-04-24T12:26:33+00:00","og_image":[{"url":"http:\/\/lyfpro.designervily.com\/demo1\/wp-content\/uploads\/sites\/2\/2020\/06\/img-01-1-600x700.jpg","type":"","width":"","height":""}],"twitter_card":"summary_large_image","twitter_misc":{"Dur\u00e9e de lecture estim\u00e9e":"2 minutes"},"schema":{"@context":"https:\/\/schema.org","@graph":[{"@type":"ScholarlyArticle","@id":"https:\/\/universitebazo.ml\/?page_id=42#article","isPartOf":{"@id":"https:\/\/universitebazo.ml\/?page_id=42"},"author":{"name":"BAZO Webmaster","@id":"https:\/\/universitebazo.ml\/#\/schema\/person\/d42cd460ee23c15d4b91ddc9728b28f4"},"headline":"Nos Facult\u00e9s","datePublished":"2020-11-13T09:39:47+00:00","dateModified":"2025-04-24T12:26:33+00:00","mainEntityOfPage":{"@id":"https:\/\/universitebazo.ml\/?page_id=42"},"wordCount":30,"publisher":{"@id":"https:\/\/universitebazo.ml\/#organization"},"image":{"@id":"https:\/\/universitebazo.ml\/?page_id=42#primaryimage"},"thumbnailUrl":"http:\/\/lyfpro.designervily.com\/demo1\/wp-content\/uploads\/sites\/2\/2020\/06\/img-01-1-600x700.jpg","inLanguage":"fr-FR"},{"@type":"WebPage","@id":"https:\/\/universitebazo.ml\/?page_id=42","url":"https:\/\/universitebazo.ml\/?page_id=42","name":"Nos Facult\u00e9s - Universit\u00e9 Bazo","isPartOf":{"@id":"https:\/\/universitebazo.ml\/#website"},"primaryImageOfPage":{"@id":"https:\/\/universitebazo.ml\/?page_id=42#primaryimage"},"image":{"@id":"https:\/\/universitebazo.ml\/?page_id=42#primaryimage"},"thumbnailUrl":"http:\/\/lyfpro.designervily.com\/demo1\/wp-content\/uploads\/sites\/2\/2020\/06\/img-01-1-600x700.jpg","datePublished":"2020-11-13T09:39:47+00:00","dateModified":"2025-04-24T12:26:33+00:00","description":"Nos Facult\u00e9s Universit\u00e9 Bazo %","breadcrumb":{"@id":"https:\/\/universitebazo.ml\/?page_id=42#breadcrumb"},"inLanguage":"fr-FR","potentialAction":[{"@type":"ReadAction","target":["https:\/\/universitebazo.ml\/?page_id=42"]}]},{"@type":"ImageObject","inLanguage":"fr-FR","@id":"https:\/\/universitebazo.ml\/?page_id=42#primaryimage","url":"http:\/\/lyfpro.designervily.com\/demo1\/wp-content\/uploads\/sites\/2\/2020\/06\/img-01-1-600x700.jpg","contentUrl":"http:\/\/lyfpro.designervily.com\/demo1\/wp-content\/uploads\/sites\/2\/2020\/06\/img-01-1-600x700.jpg"},{"@type":"BreadcrumbList","@id":"https:\/\/universitebazo.ml\/?page_id=42#breadcrumb","itemListElement":[{"@type":"ListItem","position":1,"name":"Accueil","item":"https:\/\/universitebazo.ml\/"},{"@type":"ListItem","position":2,"name":"Nos Facult\u00e9s"}]},{"@type":"WebSite","@id":"https:\/\/universitebazo.ml\/#website","url":"https:\/\/universitebazo.ml\/","name":"Universitebazo.com","description":"La performance par l&#039;excellence","publisher":{"@id":"https:\/\/universitebazo.ml\/#organization"},"alternateName":"Bazo universit\u00e9","potentialAction":[{"@type":"SearchAction","target":{"@type":"EntryPoint","urlTemplate":"https:\/\/universitebazo.ml\/?s={search_term_string}"},"query-input":{"@type":"PropertyValueSpecification","valueRequired":true,"valueName":"search_term_string"}}],"inLanguage":"fr-FR"},{"@type":"Organization","@id":"https:\/\/universitebazo.ml\/#organization","name":"Universit\u00e9 Bazo","alternateName":"Bazo Universit\u00e9","url":"https:\/\/universitebazo.ml\/","logo":{"@type":"ImageObject","inLanguage":"fr-FR","@id":"https:\/\/universitebazo.ml\/#\/schema\/logo\/image\/","url":"https:\/\/universitebazo.ml\/wp-content\/uploads\/2021\/10\/00441eff-487d-4a24-9609-ee444124cdd6.jpg","contentUrl":"https:\/\/universitebazo.ml\/wp-content\/uploads\/2021\/10\/00441eff-487d-4a24-9609-ee444124cdd6.jpg","width":1024,"height":555,"caption":"Universit\u00e9 Bazo"},"image":{"@id":"https:\/\/universitebazo.ml\/#\/schema\/logo\/image\/"},"sameAs":["https:\/\/www.facebook.com\/profile.php?id=100065028062720"],"description":"Favoriser l\u2019autonomisation et le perfectionnement de l\u2019\u00e9lite","email":"contact@universitebazo.com","telephone":"+223 77 77 76 73","legalName":"Universit\u00e9 Bazo","publishingPrinciples":"https:\/\/universitebazo.ml\/","ownershipFundingInfo":"https:\/\/universitebazo.ml\/"},{"@type":"Person","@id":"https:\/\/universitebazo.ml\/#\/schema\/person\/d42cd460ee23c15d4b91ddc9728b28f4","name":"BAZO Webmaster","image":{"@type":"ImageObject","inLanguage":"fr-FR","@id":"https:\/\/universitebazo.ml\/#\/schema\/person\/image\/","url":"https:\/\/secure.gravatar.com\/avatar\/14a2137cdabf9de5a96df173d147f8789b7c5366b1f3a30174065cc7ce8790b9?s=96&d=mm&r=g","contentUrl":"https:\/\/secure.gravatar.com\/avatar\/14a2137cdabf9de5a96df173d147f8789b7c5366b1f3a30174065cc7ce8790b9?s=96&d=mm&r=g","caption":"BAZO Webmaster"},"sameAs":["https:\/\/universitebazo.ml"],"url":"https:\/\/universitebazo.ml\/?author=1"}]}},"_links":{"self":[{"href":"https:\/\/universitebazo.ml\/index.php?rest_route=\/wp\/v2\/pages\/42","targetHints":{"allow":["GET"]}}],"collection":[{"href":"https:\/\/universitebazo.ml\/index.php?rest_route=\/wp\/v2\/pages"}],"about":[{"href":"https:\/\/universitebazo.ml\/index.php?rest_route=\/wp\/v2\/types\/page"}],"author":[{"embeddable":true,"href":"https:\/\/universitebazo.ml\/index.php?rest_route=\/wp\/v2\/users\/1"}],"replies":[{"embeddable":true,"href":"https:\/\/universitebazo.ml\/index.php?rest_route=%2Fwp%2Fv2%2Fcomments&post=42"}],"version-history":[{"count":7,"href":"https:\/\/universitebazo.ml\/index.php?rest_route=\/wp\/v2\/pages\/42\/revisions"}],"predecessor-version":[{"id":1011,"href":"https:\/\/universitebazo.ml\/index.php?rest_route=\/wp\/v2\/pages\/42\/revisions\/1011"}],"wp:attachment":[{"href":"https:\/\/universitebazo.ml\/index.php?rest_route=%2Fwp%2Fv2%2Fmedia&parent=42"}],"curies":[{"name":"wp","href":"https:\/\/api.w.org\/{rel}","templated":true}]}}