{"id":1673,"date":"2024-12-06T16:38:06","date_gmt":"2024-12-06T15:38:06","guid":{"rendered":"https:\/\/universitebazo.ml\/?page_id=1673"},"modified":"2025-04-23T21:04:28","modified_gmt":"2025-04-23T19:04:28","slug":"actualites","status":"publish","type":"page","link":"https:\/\/universitebazo.ml\/?page_id=1673","title":{"rendered":"Actualit\u00e9s"},"content":{"rendered":"","protected":false},"excerpt":{"rendered":"","protected":false},"author":4,"featured_media":0,"parent":0,"menu_order":0,"comment_status":"closed","ping_status":"closed","template":"","meta":{"_acf_changed":false,"footnotes":""},"class_list":["post-1673","page","type-page","status-publish","hentry"],"acf":[],"yoast_head":"<!-- This site is optimized with the Yoast SEO Premium plugin v24.9 (Yoast SEO v24.9) - https:\/\/yoast.com\/wordpress\/plugins\/seo\/ -->\n<title>Actualit\u00e9s - Universit\u00e9 Bazo<\/title>\n<meta name=\"description\" content=\"Suivre l&#039;actualit\u00e9 sur Universit\u00e9 Bazo\" \/>\n<meta name=\"robots\" content=\"index, follow, max-snippet:-1, max-image-preview:large, max-video-preview:-1\" \/>\n<link rel=\"canonical\" href=\"https:\/\/universitebazo.ml\/?page_id=1673\" \/>\n<meta property=\"og:locale\" content=\"fr_FR\" \/>\n<meta property=\"og:type\" content=\"article\" \/>\n<meta property=\"og:title\" content=\"Actualit\u00e9s -\" \/>\n<meta property=\"og:description\" content=\"Universit\u00e9 Bazo\" \/>\n<meta property=\"og:url\" content=\"https:\/\/universitebazo.ml\/?page_id=1673\" \/>\n<meta property=\"og:site_name\" content=\"Universit\u00e9 Bazo\" \/>\n<meta property=\"article:publisher\" content=\"https:\/\/www.facebook.com\/profile.php?id=100065028062720\" \/>\n<meta property=\"article:modified_time\" content=\"2025-04-23T19:04:28+00:00\" \/>\n<meta property=\"og:image\" content=\"https:\/\/universitebazo.ml\/wp-content\/uploads\/2021\/10\/00441eff-487d-4a24-9609-ee444124cdd6.jpg\" \/>\n\t<meta property=\"og:image:width\" content=\"1024\" \/>\n\t<meta property=\"og:image:height\" content=\"555\" \/>\n\t<meta property=\"og:image:type\" content=\"image\/jpeg\" \/>\n<meta name=\"twitter:card\" content=\"summary_large_image\" \/>\n<script type=\"application\/ld+json\" class=\"yoast-schema-graph\">{\"@context\":\"https:\/\/schema.org\",\"@graph\":[{\"@type\":\"ScholarlyArticle\",\"@id\":\"https:\/\/universitebazo.ml\/?page_id=1673#article\",\"isPartOf\":{\"@id\":\"https:\/\/universitebazo.ml\/?page_id=1673\"},\"author\":{\"name\":\"yaya SANOGO\",\"@id\":\"https:\/\/universitebazo.ml\/#\/schema\/person\/c89f1d4fdcba90d6027fd3cd574a2924\"},\"headline\":\"Actualit\u00e9s\",\"datePublished\":\"2024-12-06T15:38:06+00:00\",\"dateModified\":\"2025-04-23T19:04:28+00:00\",\"mainEntityOfPage\":{\"@id\":\"https:\/\/universitebazo.ml\/?page_id=1673\"},\"wordCount\":2,\"publisher\":{\"@id\":\"https:\/\/universitebazo.ml\/#organization\"},\"inLanguage\":\"fr-FR\"},{\"@type\":\"WebPage\",\"@id\":\"https:\/\/universitebazo.ml\/?page_id=1673\",\"url\":\"https:\/\/universitebazo.ml\/?page_id=1673\",\"name\":\"Actualit\u00e9s - Universit\u00e9 Bazo\",\"isPartOf\":{\"@id\":\"https:\/\/universitebazo.ml\/#website\"},\"datePublished\":\"2024-12-06T15:38:06+00:00\",\"dateModified\":\"2025-04-23T19:04:28+00:00\",\"description\":\"Suivre l'actualit\u00e9 sur Universit\u00e9 Bazo\",\"breadcrumb\":{\"@id\":\"https:\/\/universitebazo.ml\/?page_id=1673#breadcrumb\"},\"inLanguage\":\"fr-FR\",\"potentialAction\":[{\"@type\":\"ReadAction\",\"target\":[\"https:\/\/universitebazo.ml\/?page_id=1673\"]}]},{\"@type\":\"BreadcrumbList\",\"@id\":\"https:\/\/universitebazo.ml\/?page_id=1673#breadcrumb\",\"itemListElement\":[{\"@type\":\"ListItem\",\"position\":1,\"name\":\"Accueil\",\"item\":\"https:\/\/universitebazo.ml\/\"},{\"@type\":\"ListItem\",\"position\":2,\"name\":\"Actualit\u00e9s\"}]},{\"@type\":\"WebSite\",\"@id\":\"https:\/\/universitebazo.ml\/#website\",\"url\":\"https:\/\/universitebazo.ml\/\",\"name\":\"Universitebazo.com\",\"description\":\"La performance par l&#039;excellence\",\"publisher\":{\"@id\":\"https:\/\/universitebazo.ml\/#organization\"},\"alternateName\":\"Bazo universit\u00e9\",\"potentialAction\":[{\"@type\":\"SearchAction\",\"target\":{\"@type\":\"EntryPoint\",\"urlTemplate\":\"https:\/\/universitebazo.ml\/?s={search_term_string}\"},\"query-input\":{\"@type\":\"PropertyValueSpecification\",\"valueRequired\":true,\"valueName\":\"search_term_string\"}}],\"inLanguage\":\"fr-FR\"},{\"@type\":\"Organization\",\"@id\":\"https:\/\/universitebazo.ml\/#organization\",\"name\":\"Universit\u00e9 Bazo\",\"alternateName\":\"Bazo Universit\u00e9\",\"url\":\"https:\/\/universitebazo.ml\/\",\"logo\":{\"@type\":\"ImageObject\",\"inLanguage\":\"fr-FR\",\"@id\":\"https:\/\/universitebazo.ml\/#\/schema\/logo\/image\/\",\"url\":\"https:\/\/universitebazo.ml\/wp-content\/uploads\/2021\/10\/00441eff-487d-4a24-9609-ee444124cdd6.jpg\",\"contentUrl\":\"https:\/\/universitebazo.ml\/wp-content\/uploads\/2021\/10\/00441eff-487d-4a24-9609-ee444124cdd6.jpg\",\"width\":1024,\"height\":555,\"caption\":\"Universit\u00e9 Bazo\"},\"image\":{\"@id\":\"https:\/\/universitebazo.ml\/#\/schema\/logo\/image\/\"},\"sameAs\":[\"https:\/\/www.facebook.com\/profile.php?id=100065028062720\"],\"description\":\"Favoriser l\u2019autonomisation et le perfectionnement de l\u2019\u00e9lite\",\"email\":\"contact@universitebazo.com\",\"telephone\":\"+223 77 77 76 73\",\"legalName\":\"Universit\u00e9 Bazo\",\"publishingPrinciples\":\"https:\/\/universitebazo.ml\/\",\"ownershipFundingInfo\":\"https:\/\/universitebazo.ml\/\"},{\"@type\":\"Person\",\"@id\":\"https:\/\/universitebazo.ml\/#\/schema\/person\/c89f1d4fdcba90d6027fd3cd574a2924\",\"name\":\"yaya SANOGO\",\"image\":{\"@type\":\"ImageObject\",\"inLanguage\":\"fr-FR\",\"@id\":\"https:\/\/universitebazo.ml\/#\/schema\/person\/image\/\",\"url\":\"https:\/\/secure.gravatar.com\/avatar\/b531a70b00bfa9b6dac8bdf6667d40fcc9b5d6b8c3aa224de5a526af7c3d2176?s=96&d=mm&r=g\",\"contentUrl\":\"https:\/\/secure.gravatar.com\/avatar\/b531a70b00bfa9b6dac8bdf6667d40fcc9b5d6b8c3aa224de5a526af7c3d2176?s=96&d=mm&r=g\",\"caption\":\"yaya SANOGO\"},\"url\":\"https:\/\/universitebazo.ml\/?author=4\"}]}<\/script>\n<!-- \/ Yoast SEO Premium plugin. -->","yoast_head_json":{"title":"Actualit\u00e9s - Universit\u00e9 Bazo","description":"Suivre l'actualit\u00e9 sur Universit\u00e9 Bazo","robots":{"index":"index","follow":"follow","max-snippet":"max-snippet:-1","max-image-preview":"max-image-preview:large","max-video-preview":"max-video-preview:-1"},"canonical":"https:\/\/universitebazo.ml\/?page_id=1673","og_locale":"fr_FR","og_type":"article","og_title":"Actualit\u00e9s -","og_description":"Universit\u00e9 Bazo","og_url":"https:\/\/universitebazo.ml\/?page_id=1673","og_site_name":"Universit\u00e9 Bazo","article_publisher":"https:\/\/www.facebook.com\/profile.php?id=100065028062720","article_modified_time":"2025-04-23T19:04:28+00:00","og_image":[{"width":1024,"height":555,"url":"https:\/\/universitebazo.ml\/wp-content\/uploads\/2021\/10\/00441eff-487d-4a24-9609-ee444124cdd6.jpg","type":"image\/jpeg"}],"twitter_card":"summary_large_image","schema":{"@context":"https:\/\/schema.org","@graph":[{"@type":"ScholarlyArticle","@id":"https:\/\/universitebazo.ml\/?page_id=1673#article","isPartOf":{"@id":"https:\/\/universitebazo.ml\/?page_id=1673"},"author":{"name":"yaya SANOGO","@id":"https:\/\/universitebazo.ml\/#\/schema\/person\/c89f1d4fdcba90d6027fd3cd574a2924"},"headline":"Actualit\u00e9s","datePublished":"2024-12-06T15:38:06+00:00","dateModified":"2025-04-23T19:04:28+00:00","mainEntityOfPage":{"@id":"https:\/\/universitebazo.ml\/?page_id=1673"},"wordCount":2,"publisher":{"@id":"https:\/\/universitebazo.ml\/#organization"},"inLanguage":"fr-FR"},{"@type":"WebPage","@id":"https:\/\/universitebazo.ml\/?page_id=1673","url":"https:\/\/universitebazo.ml\/?page_id=1673","name":"Actualit\u00e9s - Universit\u00e9 Bazo","isPartOf":{"@id":"https:\/\/universitebazo.ml\/#website"},"datePublished":"2024-12-06T15:38:06+00:00","dateModified":"2025-04-23T19:04:28+00:00","description":"Suivre l'actualit\u00e9 sur Universit\u00e9 Bazo","breadcrumb":{"@id":"https:\/\/universitebazo.ml\/?page_id=1673#breadcrumb"},"inLanguage":"fr-FR","potentialAction":[{"@type":"ReadAction","target":["https:\/\/universitebazo.ml\/?page_id=1673"]}]},{"@type":"BreadcrumbList","@id":"https:\/\/universitebazo.ml\/?page_id=1673#breadcrumb","itemListElement":[{"@type":"ListItem","position":1,"name":"Accueil","item":"https:\/\/universitebazo.ml\/"},{"@type":"ListItem","position":2,"name":"Actualit\u00e9s"}]},{"@type":"WebSite","@id":"https:\/\/universitebazo.ml\/#website","url":"https:\/\/universitebazo.ml\/","name":"Universitebazo.com","description":"La performance par l&#039;excellence","publisher":{"@id":"https:\/\/universitebazo.ml\/#organization"},"alternateName":"Bazo universit\u00e9","potentialAction":[{"@type":"SearchAction","target":{"@type":"EntryPoint","urlTemplate":"https:\/\/universitebazo.ml\/?s={search_term_string}"},"query-input":{"@type":"PropertyValueSpecification","valueRequired":true,"valueName":"search_term_string"}}],"inLanguage":"fr-FR"},{"@type":"Organization","@id":"https:\/\/universitebazo.ml\/#organization","name":"Universit\u00e9 Bazo","alternateName":"Bazo Universit\u00e9","url":"https:\/\/universitebazo.ml\/","logo":{"@type":"ImageObject","inLanguage":"fr-FR","@id":"https:\/\/universitebazo.ml\/#\/schema\/logo\/image\/","url":"https:\/\/universitebazo.ml\/wp-content\/uploads\/2021\/10\/00441eff-487d-4a24-9609-ee444124cdd6.jpg","contentUrl":"https:\/\/universitebazo.ml\/wp-content\/uploads\/2021\/10\/00441eff-487d-4a24-9609-ee444124cdd6.jpg","width":1024,"height":555,"caption":"Universit\u00e9 Bazo"},"image":{"@id":"https:\/\/universitebazo.ml\/#\/schema\/logo\/image\/"},"sameAs":["https:\/\/www.facebook.com\/profile.php?id=100065028062720"],"description":"Favoriser l\u2019autonomisation et le perfectionnement de l\u2019\u00e9lite","email":"contact@universitebazo.com","telephone":"+223 77 77 76 73","legalName":"Universit\u00e9 Bazo","publishingPrinciples":"https:\/\/universitebazo.ml\/","ownershipFundingInfo":"https:\/\/universitebazo.ml\/"},{"@type":"Person","@id":"https:\/\/universitebazo.ml\/#\/schema\/person\/c89f1d4fdcba90d6027fd3cd574a2924","name":"yaya SANOGO","image":{"@type":"ImageObject","inLanguage":"fr-FR","@id":"https:\/\/universitebazo.ml\/#\/schema\/person\/image\/","url":"https:\/\/secure.gravatar.com\/avatar\/b531a70b00bfa9b6dac8bdf6667d40fcc9b5d6b8c3aa224de5a526af7c3d2176?s=96&d=mm&r=g","contentUrl":"https:\/\/secure.gravatar.com\/avatar\/b531a70b00bfa9b6dac8bdf6667d40fcc9b5d6b8c3aa224de5a526af7c3d2176?s=96&d=mm&r=g","caption":"yaya SANOGO"},"url":"https:\/\/universitebazo.ml\/?author=4"}]}},"_links":{"self":[{"href":"https:\/\/universitebazo.ml\/index.php?rest_route=\/wp\/v2\/pages\/1673","targetHints":{"allow":["GET"]}}],"collection":[{"href":"https:\/\/universitebazo.ml\/index.php?rest_route=\/wp\/v2\/pages"}],"about":[{"href":"https:\/\/universitebazo.ml\/index.php?rest_route=\/wp\/v2\/types\/page"}],"author":[{"embeddable":true,"href":"https:\/\/universitebazo.ml\/index.php?rest_route=\/wp\/v2\/users\/4"}],"replies":[{"embeddable":true,"href":"https:\/\/universitebazo.ml\/index.php?rest_route=%2Fwp%2Fv2%2Fcomments&post=1673"}],"version-history":[{"count":1,"href":"https:\/\/universitebazo.ml\/index.php?rest_route=\/wp\/v2\/pages\/1673\/revisions"}],"predecessor-version":[{"id":1674,"href":"https:\/\/universitebazo.ml\/index.php?rest_route=\/wp\/v2\/pages\/1673\/revisions\/1674"}],"wp:attachment":[{"href":"https:\/\/universitebazo.ml\/index.php?rest_route=%2Fwp%2Fv2%2Fmedia&parent=1673"}],"curies":[{"name":"wp","href":"https:\/\/api.w.org\/{rel}","templated":true}]}}